{"id":2359,"date":"2019-04-04T15:32:22","date_gmt":"2019-04-04T18:32:22","guid":{"rendered":"http:\/\/ebinterchange.com.br\/?page_id=2359"},"modified":"2024-03-18T06:02:57","modified_gmt":"2024-03-18T09:02:57","slug":"industrias","status":"publish","type":"page","link":"https:\/\/ebinterchange.com.br\/index.php\/industrias\/","title":{"rendered":"Ind\u00fastrias"},"content":{"rendered":"\n<p>A integra\u00e7\u00e3o de sistemas proporciona diversas vantagens para o setor da ind\u00fastria, contribuindo para a efici\u00eancia operacional, a tomada de decis\u00f5es mais informada e a melhoria geral do desempenho. Algumas das principais vantagens incluem:<\/p>\n\n\n\n<h3 class=\"wp-block-heading\">Automa\u00e7\u00e3o de processos<\/h3>\n\n\n\n<p>A integra\u00e7\u00e3o de sistemas permite a automa\u00e7\u00e3o de tarefas repetitivas e a padroniza\u00e7\u00e3o de processos, entre os diversos sistemas da cadeia de produ\u00e7\u00e3o da empresa, reduzindo o tempo gasto em atividades manuais e minimizando erros e redund\u00e2ncia de servi\u00e7os nas equipes das diversas \u00e1reas e processos corporativos.<\/p>\n\n\n\n<h3 class=\"wp-block-heading\">Acesso a dados em tempo real<\/h3>\n\n\n\n<p>A integra\u00e7\u00e3o de relat\u00f3rios, fluxos de abastecimento, vendas, laborat\u00f3rios, produ\u00e7\u00e3o e log\u00edstica, facilitam o acesso a dados em tempo real, proporcionando informa\u00e7\u00f5es precisas e atualizadas para a tomada de decis\u00f5es estrat\u00e9gicas. Al\u00e9m disso integrando os sistemas da empresa a ferramentas de Business Inteligence e relat\u00f3rios pode trazer governan\u00e7a e informa\u00e7\u00f5es decisivas para o sucesso da empresa.<\/p>\n\n\n\n<h3 class=\"wp-block-heading\">Compartilhamento de informa\u00e7\u00f5es<\/h3>\n\n\n\n<p>A integra\u00e7\u00e3o permite o compartilhamento eficiente de informa\u00e7\u00f5es entre diferentes departamentos e sistemas, melhorando a comunica\u00e7\u00e3o interna e a colabora\u00e7\u00e3o entre \u00e1reas e equipes.<\/p>\n\n\n\n<h3 class=\"wp-block-heading\">Otimiza\u00e7\u00e3o de estoque<\/h3>\n\n\n\n<p>A integra\u00e7\u00e3o desde o abastecimento\u00a0at\u00e9 a venda de produtos, passando pelos sistemas de gest\u00e3o de estoque e produ\u00e7\u00e3o ajuda a otimizar a cadeia de suprimentos, reduzindo excessos e garantindo disponibilidade de produtos.<\/p>\n\n\n\n<h3 class=\"wp-block-heading\">Escalabilidade<\/h3>\n\n\n\n<p>Sistemas integrados s\u00e3o muitas vezes mais f\u00e1ceis de escalar para atender \u00e0s crescentes demandas da ind\u00fastria, proporcionando flexibilidade para lidar com mudan\u00e7as nas opera\u00e7\u00f5es.<\/p>\n\n\n\n<h3 class=\"wp-block-heading\">Maior conformidade \/ compliance<\/h3>\n\n\n\n<p>A integra\u00e7\u00e3o facilita o monitoramento e a conformidade com normas e regulamenta\u00e7\u00f5es legais dos diferentes\u00a0setores da ind\u00fastria, trazendo rastreabilidade do processo de produ\u00e7\u00e3o de ponta a ponta.\u00a0Exig\u00eancias de padr\u00f5es de seguran\u00e7a de dados, controle de qualidade e integra\u00e7\u00e3o com sistemas de org\u00e3os\u00a0reguladores, reduzem riscos legais e garantem padr\u00f5es de qualidade.<\/p>\n\n\n\n<h3 class=\"wp-block-heading\">Ado\u00e7\u00e3o de novas tecnologias<\/h3>\n\n\n\n<p>A integra\u00e7\u00e3o de sistemas permite a incorpora\u00e7\u00e3o mais f\u00e1cil de novas tecnologias, como Internet das Coisas (IoT) e an\u00e1lise de dados avan\u00e7ada, impulsionando a inova\u00e7\u00e3o. Al\u00e9m disso, com uma boa arquitetura de barramento e integra\u00e7\u00f5es \u00e9 poss\u00edvel conectar sistemas novos, sistemas de empresas adquiridas aos sistemas legados, que est\u00e3o enraizados nas opera\u00e7\u00f5es da empresa. Al\u00e9m disso, a migra\u00e7\u00e3o para novas vers\u00f5es e\/ou solu\u00e7\u00f5es se torna muito mais f\u00e1cil e \u00e1gil com um parque tecnol\u00f3gico constru\u00eddo em uma arquitetura de sistemas bem conectada e mapeada.\u00a0<\/p>\n\n\n\n<p><\/p>\n\n\n\n<p>Ganhe em produtividade integrando os sistemas de sua ind\u00fastria. Entre em&nbsp;<a href=\"https:\/\/ebinterchange.com.br\/index.php\/contato\/\">contato com a EBInterchange<\/a>&nbsp;e conhe\u00e7a mais detalhes sobre nossas solu\u00e7\u00f5es e o nosso ecossistema integrado.<\/p>\n","protected":false},"excerpt":{"rendered":"<p>A integra\u00e7\u00e3o de sistemas proporciona diversas vantagens para o setor da ind\u00fastria, contribuindo para a efici\u00eancia operacional, a tomada de decis\u00f5es mais informada e a melhoria geral do desempenho. Algumas das principais vantagens incluem: Automa\u00e7\u00e3o de processos A integra\u00e7\u00e3o de sistemas permite a automa\u00e7\u00e3o de tarefas repetitivas e a padroniza\u00e7\u00e3o de processos, entre os diversos [&hellip;]<\/p>\n","protected":false},"author":2,"featured_media":2433,"parent":0,"menu_order":0,"comment_status":"closed","ping_status":"closed","template":"","meta":{"footnotes":""},"class_list":["post-2359","page","type-page","status-publish","has-post-thumbnail","hentry"],"yoast_head":"<!-- This site is optimized with the Yoast SEO plugin v22.5 - https:\/\/yoast.com\/wordpress\/plugins\/seo\/ -->\n<title>EBI EBInterchange | Integra\u00e7\u00e3o de Sistemas | ERP | B2B | B2C | API<\/title>\n<meta name=\"description\" content=\"A integra\u00e7\u00e3o de sistemas traz diversos benef\u00edcios para ind\u00fastrias. Agilidade, efici\u00eancia, flexibilidade, economia, al\u00e9m de outros aspectos positivos.\" \/>\n<meta name=\"robots\" content=\"index, follow, max-snippet:-1, max-image-preview:large, max-video-preview:-1\" \/>\n<link rel=\"canonical\" href=\"https:\/\/ebinterchange.com.br\/index.php\/industrias\/\" \/>\n<meta property=\"og:locale\" content=\"pt_BR\" \/>\n<meta property=\"og:type\" content=\"article\" \/>\n<meta property=\"og:title\" content=\"EBI EBInterchange | Integra\u00e7\u00e3o de Sistemas | ERP | B2B | B2C | API\" \/>\n<meta property=\"og:description\" content=\"A integra\u00e7\u00e3o de sistemas traz diversos benef\u00edcios para ind\u00fastrias. Agilidade, efici\u00eancia, flexibilidade, economia, al\u00e9m de outros aspectos positivos.\" \/>\n<meta property=\"og:url\" content=\"https:\/\/ebinterchange.com.br\/index.php\/industrias\/\" \/>\n<meta property=\"og:site_name\" content=\"EBI | EBInterchange\" \/>\n<meta property=\"article:publisher\" content=\"https:\/\/www.facebook.com\/ebinterchangebrasil\" \/>\n<meta property=\"article:modified_time\" content=\"2024-03-18T09:02:57+00:00\" \/>\n<meta property=\"og:image\" content=\"https:\/\/ebinterchange.com.br\/wp-content\/uploads\/industria.jpg\" \/>\n\t<meta property=\"og:image:width\" content=\"1200\" \/>\n\t<meta property=\"og:image:height\" content=\"210\" \/>\n\t<meta property=\"og:image:type\" content=\"image\/jpeg\" \/>\n<meta name=\"twitter:card\" content=\"summary_large_image\" \/>\n<meta name=\"twitter:label1\" content=\"Est. tempo de leitura\" \/>\n\t<meta name=\"twitter:data1\" content=\"2 minutos\" \/>\n<script type=\"application\/ld+json\" class=\"yoast-schema-graph\">{\"@context\":\"https:\/\/schema.org\",\"@graph\":[{\"@type\":\"WebPage\",\"@id\":\"https:\/\/ebinterchange.com.br\/index.php\/industrias\/\",\"url\":\"https:\/\/ebinterchange.com.br\/index.php\/industrias\/\",\"name\":\"EBI EBInterchange | Integra\u00e7\u00e3o de Sistemas | ERP | B2B | B2C | API\",\"isPartOf\":{\"@id\":\"https:\/\/ebinterchange.com.br\/#website\"},\"primaryImageOfPage\":{\"@id\":\"https:\/\/ebinterchange.com.br\/index.php\/industrias\/#primaryimage\"},\"image\":{\"@id\":\"https:\/\/ebinterchange.com.br\/index.php\/industrias\/#primaryimage\"},\"thumbnailUrl\":\"https:\/\/ebinterchange.com.br\/wp-content\/uploads\/industria.jpg\",\"datePublished\":\"2019-04-04T18:32:22+00:00\",\"dateModified\":\"2024-03-18T09:02:57+00:00\",\"description\":\"A integra\u00e7\u00e3o de sistemas traz diversos benef\u00edcios para ind\u00fastrias. Agilidade, efici\u00eancia, flexibilidade, economia, al\u00e9m de outros aspectos positivos.\",\"breadcrumb\":{\"@id\":\"https:\/\/ebinterchange.com.br\/index.php\/industrias\/#breadcrumb\"},\"inLanguage\":\"pt-BR\",\"potentialAction\":[{\"@type\":\"ReadAction\",\"target\":[\"https:\/\/ebinterchange.com.br\/index.php\/industrias\/\"]}]},{\"@type\":\"ImageObject\",\"inLanguage\":\"pt-BR\",\"@id\":\"https:\/\/ebinterchange.com.br\/index.php\/industrias\/#primaryimage\",\"url\":\"https:\/\/ebinterchange.com.br\/wp-content\/uploads\/industria.jpg\",\"contentUrl\":\"https:\/\/ebinterchange.com.br\/wp-content\/uploads\/industria.jpg\",\"width\":1200,\"height\":210,\"caption\":\"industria Integra\u00e7\u00e3o de Sistemas\"},{\"@type\":\"BreadcrumbList\",\"@id\":\"https:\/\/ebinterchange.com.br\/index.php\/industrias\/#breadcrumb\",\"itemListElement\":[{\"@type\":\"ListItem\",\"position\":1,\"name\":\"In\u00edcio\",\"item\":\"https:\/\/ebinterchange.com.br\/\"},{\"@type\":\"ListItem\",\"position\":2,\"name\":\"Ind\u00fastrias\"}]},{\"@type\":\"WebSite\",\"@id\":\"https:\/\/ebinterchange.com.br\/#website\",\"url\":\"https:\/\/ebinterchange.com.br\/\",\"name\":\"EBI | EBInterchange\",\"description\":\"EBI | Integra\u00e7\u00e3o de Sistemas | ERP | E-commerce | B2B | B2C\",\"publisher\":{\"@id\":\"https:\/\/ebinterchange.com.br\/#organization\"},\"potentialAction\":[{\"@type\":\"SearchAction\",\"target\":{\"@type\":\"EntryPoint\",\"urlTemplate\":\"https:\/\/ebinterchange.com.br\/?s={search_term_string}\"},\"query-input\":\"required name=search_term_string\"}],\"inLanguage\":\"pt-BR\"},{\"@type\":\"Organization\",\"@id\":\"https:\/\/ebinterchange.com.br\/#organization\",\"name\":\"EBI EBinterchange\",\"url\":\"https:\/\/ebinterchange.com.br\/\",\"logo\":{\"@type\":\"ImageObject\",\"inLanguage\":\"pt-BR\",\"@id\":\"https:\/\/ebinterchange.com.br\/#\/schema\/logo\/image\/\",\"url\":\"https:\/\/ebinterchange.com.br\/wp-content\/uploads\/logo-EBI-EBInterchange-assinatura6.jpg\",\"contentUrl\":\"https:\/\/ebinterchange.com.br\/wp-content\/uploads\/logo-EBI-EBInterchange-assinatura6.jpg\",\"width\":286,\"height\":173,\"caption\":\"EBI EBinterchange\"},\"image\":{\"@id\":\"https:\/\/ebinterchange.com.br\/#\/schema\/logo\/image\/\"},\"sameAs\":[\"https:\/\/www.facebook.com\/ebinterchangebrasil\",\"https:\/\/pt.linkedin.com\/company\/ebinterchange\"]}]}<\/script>\n<!-- \/ Yoast SEO plugin. -->","yoast_head_json":{"title":"EBI EBInterchange | Integra\u00e7\u00e3o de Sistemas | ERP | B2B | B2C | API","description":"A integra\u00e7\u00e3o de sistemas traz diversos benef\u00edcios para ind\u00fastrias. Agilidade, efici\u00eancia, flexibilidade, economia, al\u00e9m de outros aspectos positivos.","robots":{"index":"index","follow":"follow","max-snippet":"max-snippet:-1","max-image-preview":"max-image-preview:large","max-video-preview":"max-video-preview:-1"},"canonical":"https:\/\/ebinterchange.com.br\/index.php\/industrias\/","og_locale":"pt_BR","og_type":"article","og_title":"EBI EBInterchange | Integra\u00e7\u00e3o de Sistemas | ERP | B2B | B2C | API","og_description":"A integra\u00e7\u00e3o de sistemas traz diversos benef\u00edcios para ind\u00fastrias. Agilidade, efici\u00eancia, flexibilidade, economia, al\u00e9m de outros aspectos positivos.","og_url":"https:\/\/ebinterchange.com.br\/index.php\/industrias\/","og_site_name":"EBI | EBInterchange","article_publisher":"https:\/\/www.facebook.com\/ebinterchangebrasil","article_modified_time":"2024-03-18T09:02:57+00:00","og_image":[{"width":1200,"height":210,"url":"https:\/\/ebinterchange.com.br\/wp-content\/uploads\/industria.jpg","type":"image\/jpeg"}],"twitter_card":"summary_large_image","twitter_misc":{"Est. tempo de leitura":"2 minutos"},"schema":{"@context":"https:\/\/schema.org","@graph":[{"@type":"WebPage","@id":"https:\/\/ebinterchange.com.br\/index.php\/industrias\/","url":"https:\/\/ebinterchange.com.br\/index.php\/industrias\/","name":"EBI EBInterchange | Integra\u00e7\u00e3o de Sistemas | ERP | B2B | B2C | API","isPartOf":{"@id":"https:\/\/ebinterchange.com.br\/#website"},"primaryImageOfPage":{"@id":"https:\/\/ebinterchange.com.br\/index.php\/industrias\/#primaryimage"},"image":{"@id":"https:\/\/ebinterchange.com.br\/index.php\/industrias\/#primaryimage"},"thumbnailUrl":"https:\/\/ebinterchange.com.br\/wp-content\/uploads\/industria.jpg","datePublished":"2019-04-04T18:32:22+00:00","dateModified":"2024-03-18T09:02:57+00:00","description":"A integra\u00e7\u00e3o de sistemas traz diversos benef\u00edcios para ind\u00fastrias. Agilidade, efici\u00eancia, flexibilidade, economia, al\u00e9m de outros aspectos positivos.","breadcrumb":{"@id":"https:\/\/ebinterchange.com.br\/index.php\/industrias\/#breadcrumb"},"inLanguage":"pt-BR","potentialAction":[{"@type":"ReadAction","target":["https:\/\/ebinterchange.com.br\/index.php\/industrias\/"]}]},{"@type":"ImageObject","inLanguage":"pt-BR","@id":"https:\/\/ebinterchange.com.br\/index.php\/industrias\/#primaryimage","url":"https:\/\/ebinterchange.com.br\/wp-content\/uploads\/industria.jpg","contentUrl":"https:\/\/ebinterchange.com.br\/wp-content\/uploads\/industria.jpg","width":1200,"height":210,"caption":"industria Integra\u00e7\u00e3o de Sistemas"},{"@type":"BreadcrumbList","@id":"https:\/\/ebinterchange.com.br\/index.php\/industrias\/#breadcrumb","itemListElement":[{"@type":"ListItem","position":1,"name":"In\u00edcio","item":"https:\/\/ebinterchange.com.br\/"},{"@type":"ListItem","position":2,"name":"Ind\u00fastrias"}]},{"@type":"WebSite","@id":"https:\/\/ebinterchange.com.br\/#website","url":"https:\/\/ebinterchange.com.br\/","name":"EBI | EBInterchange","description":"EBI | Integra\u00e7\u00e3o de Sistemas | ERP | E-commerce | B2B | B2C","publisher":{"@id":"https:\/\/ebinterchange.com.br\/#organization"},"potentialAction":[{"@type":"SearchAction","target":{"@type":"EntryPoint","urlTemplate":"https:\/\/ebinterchange.com.br\/?s={search_term_string}"},"query-input":"required name=search_term_string"}],"inLanguage":"pt-BR"},{"@type":"Organization","@id":"https:\/\/ebinterchange.com.br\/#organization","name":"EBI EBinterchange","url":"https:\/\/ebinterchange.com.br\/","logo":{"@type":"ImageObject","inLanguage":"pt-BR","@id":"https:\/\/ebinterchange.com.br\/#\/schema\/logo\/image\/","url":"https:\/\/ebinterchange.com.br\/wp-content\/uploads\/logo-EBI-EBInterchange-assinatura6.jpg","contentUrl":"https:\/\/ebinterchange.com.br\/wp-content\/uploads\/logo-EBI-EBInterchange-assinatura6.jpg","width":286,"height":173,"caption":"EBI EBinterchange"},"image":{"@id":"https:\/\/ebinterchange.com.br\/#\/schema\/logo\/image\/"},"sameAs":["https:\/\/www.facebook.com\/ebinterchangebrasil","https:\/\/pt.linkedin.com\/company\/ebinterchange"]}]}},"_links":{"self":[{"href":"https:\/\/ebinterchange.com.br\/index.php\/wp-json\/wp\/v2\/pages\/2359","targetHints":{"allow":["GET"]}}],"collection":[{"href":"https:\/\/ebinterchange.com.br\/index.php\/wp-json\/wp\/v2\/pages"}],"about":[{"href":"https:\/\/ebinterchange.com.br\/index.php\/wp-json\/wp\/v2\/types\/page"}],"author":[{"embeddable":true,"href":"https:\/\/ebinterchange.com.br\/index.php\/wp-json\/wp\/v2\/users\/2"}],"replies":[{"embeddable":true,"href":"https:\/\/ebinterchange.com.br\/index.php\/wp-json\/wp\/v2\/comments?post=2359"}],"version-history":[{"count":6,"href":"https:\/\/ebinterchange.com.br\/index.php\/wp-json\/wp\/v2\/pages\/2359\/revisions"}],"predecessor-version":[{"id":4271,"href":"https:\/\/ebinterchange.com.br\/index.php\/wp-json\/wp\/v2\/pages\/2359\/revisions\/4271"}],"wp:featuredmedia":[{"embeddable":true,"href":"https:\/\/ebinterchange.com.br\/index.php\/wp-json\/wp\/v2\/media\/2433"}],"wp:attachment":[{"href":"https:\/\/ebinterchange.com.br\/index.php\/wp-json\/wp\/v2\/media?parent=2359"}],"curies":[{"name":"wp","href":"https:\/\/api.w.org\/{rel}","templated":true}]}}