{"id":2765,"date":"2019-04-22T14:17:10","date_gmt":"2019-04-22T17:17:10","guid":{"rendered":"https:\/\/wp.ebiccenter.com.br\/?page_id=2765"},"modified":"2024-08-19T11:25:53","modified_gmt":"2024-08-19T14:25:53","slug":"ebi-api-connector","status":"publish","type":"page","link":"https:\/\/ebinterchange.com.br\/index.php\/ebi-api-connector\/","title":{"rendered":"EBI API Connector"},"content":{"rendered":"\n<p><strong><strong>EBI API Connector: Integra\u00e7\u00f5es Seguras e Eficientes de APIs para os mais diversos Sistemas<\/strong><\/strong><\/p>\n\n\n\n<p>O\u00a0<strong>EBI API Connector<\/strong>\u00a0\u00e9 uma solu\u00e7\u00e3o robusta desenvolvida para integrar APIs a outros sistemas de maneira segura e eficiente, garantindo a automatiza\u00e7\u00e3o e otimiza\u00e7\u00e3o de processos empresariais.<\/p>\n\n\n\n<p>As APIs (Interfaces de Programa\u00e7\u00e3o de Aplica\u00e7\u00f5es) s\u00e3o essenciais para a comunica\u00e7\u00e3o entre diferentes sites, sistemas e aplicativos, permitindo a transmiss\u00e3o de dados de forma automatizada. Essa integra\u00e7\u00e3o \u00e9 crucial para opera\u00e7\u00f5es como sincronismo de estoque, aprova\u00e7\u00e3o de pagamentos, pedidos, entre outras necessidades cr\u00edticas para neg\u00f3cios online.<\/p>\n\n\n\n<p>Devido \u00e0 sua versatilidade, as APIs podem ser aplicadas em diversos setores, incluindo varejo, ind\u00fastria, log\u00edstica e finan\u00e7as e muito utilizada em sistemas em nuvem. A integra\u00e7\u00e3o de APIs, quando realizada de forma segura e eficiente, otimiza o funcionamento de sistemas, controla a vaz\u00e3o e o fluxo de dados e melhora a precis\u00e3o das opera\u00e7\u00f5es log\u00edsticas e proporciona uma experi\u00eancia positiva ao cliente no e-commerce.<\/p>\n\n\n\n<p>O\u00a0<strong>EBI API Connector<\/strong>\u00a0facilita a integra\u00e7\u00e3o de APIs em diferentes formatos, permitindo a automa\u00e7\u00e3o de processos e a otimiza\u00e7\u00e3o do fluxo de pedidos. Isso resulta em opera\u00e7\u00f5es mais r\u00e1pidas, seguras e, acima de tudo, eficientes.<\/p>\n\n\n\n<p>A implementa\u00e7\u00e3o de sistemas automatizados com o\u00a0<strong>EBI API Connector<\/strong>\u00a0oferece vantagens como rapidez, efici\u00eancia, seguran\u00e7a e redu\u00e7\u00e3o de trabalho manual, tornando-o ideal para conectar plataformas de e-commerce, hubs de marketplaces, ERPs, WMS e outros sistemas.<\/p>\n\n\n\n<h4 class=\"wp-block-heading\">Principais caracter\u00edsticas dos EBI API Connector:<\/h4>\n\n\n\n<ul class=\"wp-block-list\">\n<li>Solu\u00e7\u00e3o\u00a0<em>Cloud Computing (Saas)<\/em>\u00a0\u2013 Escal\u00e1vel, segura, robusta e gerenci\u00e1vel;<\/li>\n\n\n\n<li>Arquitetura<em>\u00a0EBI Enterprise,\u00a0<\/em>que suporta forte\u00a0demanda por integra\u00e7\u00f5es de sistemas via\u00a0<em>APIs, Webservices<\/em>;<\/li>\n\n\n\n<li>Promove um ambiente transacional colaborativo de alta performance entre empresas, pois \u00e9 escal\u00e1vel, seguro e flex\u00edvel ;<\/li>\n\n\n\n<li>Integra\u00e7\u00e3o de sistemas ERPs como\u00a0<em>SAP, Oracle, TOTVS Proteus, Totvs DataSul, Eccosys, MercadoBackoffice, e-Millenium, Bling, Tiny, \u00c1bacos KPL, Onclick, Sap Business one <\/em>e outros;<\/li>\n\n\n\n<li>Plataformas e Hubs de e-commerce, como<em> 00K e-Business Tools, VTEX, Loja Integrada, Magento, WooCommerce, MercadoShops, EZ Commerce\/Linx, AnyMarket, SkyHub, Plugg.to, Squid F\u00e1cil, Tray Corp,  <\/em>entre outras outras<em>;<\/em><\/li>\n\n\n\n<li>Integrar os canais de venda B2C, fornecedores, lojas f\u00edsicas assim como lojas virtuais.<\/li>\n\n\n\n<li>Gerenciar, integrar e automatizar sistemas log\u00edsticos com <em> Root Easy, Intelipost, frete r\u00e1pido <\/em>entre outros. <\/li>\n\n\n\n<li>Eliminar interven\u00e7\u00f5es manuais e pontos de vulnerabilidade com o prop\u00f3sito de incrementar a produtividade nas integra\u00e7\u00f5es;<\/li>\n<\/ul>\n\n\n\n<p>Com o\u00a0<strong>EBI API Connector<\/strong>, sua empresa pode integrar sistemas de forma flex\u00edvel e personalizada, atendendo \u00e0s necessidades espec\u00edficas de cada cliente e garantindo uma opera\u00e7\u00e3o fluida e segura.<\/p>\n\n\n\n<h3 class=\"wp-block-heading\">Conhe\u00e7a mais sobre o EBI API Connector<\/h3>\n\n\n\n<div class=\"uk-form uk-panel uk-panel-box widget_text\"><div role=\"form\" class=\"wpcf7\" id=\"wpcf7-f6-o1\" lang=\"pt-BR\" dir=\"ltr\">\n<div class=\"screen-reader-response\"><\/div>\n<form action=\"\/index.php\/wp-json\/wp\/v2\/pages\/2765#wpcf7-f6-o1\" method=\"post\" class=\"wpcf7-form\" novalidate=\"novalidate\">\n<div style=\"display: none;\">\n<input type=\"hidden\" name=\"_wpcf7\" value=\"6\" \/>\n<input type=\"hidden\" name=\"_wpcf7_version\" value=\"5.1.1\" \/>\n<input type=\"hidden\" name=\"_wpcf7_locale\" value=\"pt_BR\" \/>\n<input type=\"hidden\" name=\"_wpcf7_unit_tag\" value=\"wpcf7-f6-o1\" \/>\n<input type=\"hidden\" name=\"_wpcf7_container_post\" value=\"0\" \/>\n<input type=\"hidden\" name=\"g-recaptcha-response\" value=\"\" \/>\n<\/div>\n<ul class=\"uk-grid uk-grid-large-1-1 uk-grid-width-large-1-2 uk-grid-width-large-1-3\" data-uk-grid-margin=\"\">\n<li>\n<div class=\"uk-panel\">\n<p> Nome:<br \/><span class=\"wpcf7-form-control-wrap your-name\"><input type=\"text\" name=\"your-name\" value=\"\" size=\"40\" class=\"wpcf7-form-control wpcf7-text wpcf7-validates-as-required uk-width-1-1\" aria-required=\"true\" aria-invalid=\"false\" placeholder=\"Digite aqui seu o nome\" \/><\/span><\/div>\n<\/li>\n<li>\n<div class=\"uk-panel\">\n<p> E-mail:<br \/><span class=\"wpcf7-form-control-wrap your-email\"><input type=\"email\" name=\"your-email\" value=\"\" size=\"40\" class=\"wpcf7-form-control wpcf7-text wpcf7-email wpcf7-validates-as-required wpcf7-validates-as-email uk-width-1-1\" aria-required=\"true\" aria-invalid=\"false\" placeholder=\"Seu e-mail completo\" \/><\/span><\/div>\n<\/li>\n<li>\n<div class=\"uk-panel\">\n<p> Telefone:<br \/><span class=\"wpcf7-form-control-wrap tel-34800k\"><input type=\"tel\" name=\"tel-34800k\" value=\"\" size=\"40\" class=\"wpcf7-form-control wpcf7-text wpcf7-tel wpcf7-validates-as-required wpcf7-validates-as-tel uk-width-1-1\" aria-required=\"true\" aria-invalid=\"false\" placeholder=\"Digite o seu telefone com o c\u00f3digo de \u00e1rea\" \/><\/span><\/div>\n<\/li>\n<\/ul>\n<ul class=\"uk-grid uk-grid-large-1-1 uk-grid-width-large-1-2\" data-uk-grid-margin=\"\">\n<li>\n<div class=\"uk-panel\">\n<p> Empresa:<br \/><span class=\"wpcf7-form-control-wrap text-666\"><input type=\"text\" name=\"text-666\" value=\"\" size=\"40\" class=\"wpcf7-form-control wpcf7-text wpcf7-validates-as-required uk-width-1-1\" aria-required=\"true\" aria-invalid=\"false\" placeholder=\"Nome da sua empresa\" \/><\/span><\/div>\n<\/li>\n<li>\n<div class=\"uk-panel\">\n<p> Produto de interesse:<br \/><span class=\"wpcf7-form-control-wrap menu-609\"><select name=\"menu-609\" class=\"wpcf7-form-control wpcf7-select wpcf7-validates-as-required uk-width-1-1\" aria-required=\"true\" aria-invalid=\"false\"><option value=\"Selecione o produto sobre qual deseja informa\u00e7\u00f5es\">Selecione o produto sobre qual deseja informa\u00e7\u00f5es<\/option><option value=\"EBI Connection Center\">EBI Connection Center<\/option><option value=\"EBI API Connector\">EBI API Connector<\/option><option value=\"EBI EDI Gateway\">EBI EDI Gateway<\/option><\/select><\/span><\/div>\n<\/li>\n<\/ul>\n<p> Sua mensagem:<br \/>\n    <span class=\"wpcf7-form-control-wrap your-message\"><textarea name=\"your-message\" cols=\"1\" rows=\"3\" class=\"wpcf7-form-control wpcf7-textarea wpcf7-validates-as-required uk-width-1-1\" aria-required=\"true\" aria-invalid=\"false\" placeholder=\"Digite aqui sua mensagem\"><\/textarea><\/span> <\/p>\n<div class=\"g-recaptcha\" data-sitekey=\"6LeQDFAqAAAAAJghW-5HySsNuV7_15hDj2y4ArN6\" data-action=\"LOGIN\"><\/div>\n<p>      <br\/><\/p>\n<p><input type=\"submit\" value=\"Enviar mensagem\" class=\"wpcf7-form-control wpcf7-submit uk-button uk-button-primary uk-width-1-1 uk-button-large\" \/><\/p>\n<div class=\"wpcf7-response-output wpcf7-display-none\"><\/div><\/form><\/div><\/div>\n","protected":false},"excerpt":{"rendered":"<p>EBI API Connector: Integra\u00e7\u00f5es Seguras e Eficientes de APIs para os mais diversos Sistemas O\u00a0EBI API Connector\u00a0\u00e9 uma solu\u00e7\u00e3o robusta desenvolvida para integrar APIs a outros sistemas de maneira segura e eficiente, garantindo a automatiza\u00e7\u00e3o e otimiza\u00e7\u00e3o de processos empresariais. As APIs (Interfaces de Programa\u00e7\u00e3o de Aplica\u00e7\u00f5es) s\u00e3o essenciais para a comunica\u00e7\u00e3o entre diferentes sites, [&hellip;]<\/p>\n","protected":false},"author":2,"featured_media":2770,"parent":0,"menu_order":0,"comment_status":"closed","ping_status":"closed","template":"","meta":{"footnotes":""},"class_list":["post-2765","page","type-page","status-publish","has-post-thumbnail","hentry"],"yoast_head":"<!-- This site is optimized with the Yoast SEO plugin v22.5 - https:\/\/yoast.com\/wordpress\/plugins\/seo\/ -->\n<title>EBI API Connector EBInterchange | Integra\u00e7\u00e3o de Sistemas | ERP | B2B<\/title>\n<meta name=\"description\" content=\"O EBI API Connector integra diversas APIs possibilitando a automatiza\u00e7\u00e3o de processos, tornando o fluxo de pedidos r\u00e1pido, seguro e sobre tudo, eficiente.\" \/>\n<meta name=\"robots\" content=\"index, follow, max-snippet:-1, max-image-preview:large, max-video-preview:-1\" \/>\n<link rel=\"canonical\" href=\"https:\/\/ebinterchange.com.br\/index.php\/ebi-api-connector\/\" \/>\n<meta property=\"og:locale\" content=\"pt_BR\" \/>\n<meta property=\"og:type\" content=\"article\" \/>\n<meta property=\"og:title\" content=\"EBI API Connector EBInterchange | Integra\u00e7\u00e3o de Sistemas | ERP | B2B\" \/>\n<meta property=\"og:description\" content=\"O EBI API Connector integra diversas APIs possibilitando a automatiza\u00e7\u00e3o de processos, tornando o fluxo de pedidos r\u00e1pido, seguro e sobre tudo, eficiente.\" \/>\n<meta property=\"og:url\" content=\"https:\/\/ebinterchange.com.br\/index.php\/ebi-api-connector\/\" \/>\n<meta property=\"og:site_name\" content=\"EBI | EBInterchange\" \/>\n<meta property=\"article:publisher\" content=\"https:\/\/www.facebook.com\/ebinterchangebrasil\" \/>\n<meta property=\"article:modified_time\" content=\"2024-08-19T14:25:53+00:00\" \/>\n<meta property=\"og:image\" content=\"https:\/\/ebinterchange.com.br\/wp-content\/uploads\/API-Connect.jpg\" \/>\n\t<meta property=\"og:image:width\" content=\"1200\" \/>\n\t<meta property=\"og:image:height\" content=\"210\" \/>\n\t<meta property=\"og:image:type\" content=\"image\/jpeg\" \/>\n<meta name=\"twitter:card\" content=\"summary_large_image\" \/>\n<meta name=\"twitter:label1\" content=\"Est. tempo de leitura\" \/>\n\t<meta name=\"twitter:data1\" content=\"3 minutos\" \/>\n<script type=\"application\/ld+json\" class=\"yoast-schema-graph\">{\"@context\":\"https:\/\/schema.org\",\"@graph\":[{\"@type\":\"WebPage\",\"@id\":\"https:\/\/ebinterchange.com.br\/index.php\/ebi-api-connector\/\",\"url\":\"https:\/\/ebinterchange.com.br\/index.php\/ebi-api-connector\/\",\"name\":\"EBI API Connector EBInterchange | Integra\u00e7\u00e3o de Sistemas | ERP | B2B\",\"isPartOf\":{\"@id\":\"https:\/\/ebinterchange.com.br\/#website\"},\"primaryImageOfPage\":{\"@id\":\"https:\/\/ebinterchange.com.br\/index.php\/ebi-api-connector\/#primaryimage\"},\"image\":{\"@id\":\"https:\/\/ebinterchange.com.br\/index.php\/ebi-api-connector\/#primaryimage\"},\"thumbnailUrl\":\"https:\/\/ebinterchange.com.br\/wp-content\/uploads\/API-Connect.jpg\",\"datePublished\":\"2019-04-22T17:17:10+00:00\",\"dateModified\":\"2024-08-19T14:25:53+00:00\",\"description\":\"O EBI API Connector integra diversas APIs possibilitando a automatiza\u00e7\u00e3o de processos, tornando o fluxo de pedidos r\u00e1pido, seguro e sobre tudo, eficiente.\",\"breadcrumb\":{\"@id\":\"https:\/\/ebinterchange.com.br\/index.php\/ebi-api-connector\/#breadcrumb\"},\"inLanguage\":\"pt-BR\",\"potentialAction\":[{\"@type\":\"ReadAction\",\"target\":[\"https:\/\/ebinterchange.com.br\/index.php\/ebi-api-connector\/\"]}]},{\"@type\":\"ImageObject\",\"inLanguage\":\"pt-BR\",\"@id\":\"https:\/\/ebinterchange.com.br\/index.php\/ebi-api-connector\/#primaryimage\",\"url\":\"https:\/\/ebinterchange.com.br\/wp-content\/uploads\/API-Connect.jpg\",\"contentUrl\":\"https:\/\/ebinterchange.com.br\/wp-content\/uploads\/API-Connect.jpg\",\"width\":1200,\"height\":210,\"caption\":\"EBI API Connect\"},{\"@type\":\"BreadcrumbList\",\"@id\":\"https:\/\/ebinterchange.com.br\/index.php\/ebi-api-connector\/#breadcrumb\",\"itemListElement\":[{\"@type\":\"ListItem\",\"position\":1,\"name\":\"In\u00edcio\",\"item\":\"https:\/\/ebinterchange.com.br\/\"},{\"@type\":\"ListItem\",\"position\":2,\"name\":\"EBI API Connector\"}]},{\"@type\":\"WebSite\",\"@id\":\"https:\/\/ebinterchange.com.br\/#website\",\"url\":\"https:\/\/ebinterchange.com.br\/\",\"name\":\"EBI | EBInterchange\",\"description\":\"EBI | Integra\u00e7\u00e3o de Sistemas | ERP | E-commerce | B2B | B2C\",\"publisher\":{\"@id\":\"https:\/\/ebinterchange.com.br\/#organization\"},\"potentialAction\":[{\"@type\":\"SearchAction\",\"target\":{\"@type\":\"EntryPoint\",\"urlTemplate\":\"https:\/\/ebinterchange.com.br\/?s={search_term_string}\"},\"query-input\":\"required name=search_term_string\"}],\"inLanguage\":\"pt-BR\"},{\"@type\":\"Organization\",\"@id\":\"https:\/\/ebinterchange.com.br\/#organization\",\"name\":\"EBI EBinterchange\",\"url\":\"https:\/\/ebinterchange.com.br\/\",\"logo\":{\"@type\":\"ImageObject\",\"inLanguage\":\"pt-BR\",\"@id\":\"https:\/\/ebinterchange.com.br\/#\/schema\/logo\/image\/\",\"url\":\"https:\/\/ebinterchange.com.br\/wp-content\/uploads\/logo-EBI-EBInterchange-assinatura6.jpg\",\"contentUrl\":\"https:\/\/ebinterchange.com.br\/wp-content\/uploads\/logo-EBI-EBInterchange-assinatura6.jpg\",\"width\":286,\"height\":173,\"caption\":\"EBI EBinterchange\"},\"image\":{\"@id\":\"https:\/\/ebinterchange.com.br\/#\/schema\/logo\/image\/\"},\"sameAs\":[\"https:\/\/www.facebook.com\/ebinterchangebrasil\",\"https:\/\/pt.linkedin.com\/company\/ebinterchange\"]}]}<\/script>\n<!-- \/ Yoast SEO plugin. -->","yoast_head_json":{"title":"EBI API Connector EBInterchange | Integra\u00e7\u00e3o de Sistemas | ERP | B2B","description":"O EBI API Connector integra diversas APIs possibilitando a automatiza\u00e7\u00e3o de processos, tornando o fluxo de pedidos r\u00e1pido, seguro e sobre tudo, eficiente.","robots":{"index":"index","follow":"follow","max-snippet":"max-snippet:-1","max-image-preview":"max-image-preview:large","max-video-preview":"max-video-preview:-1"},"canonical":"https:\/\/ebinterchange.com.br\/index.php\/ebi-api-connector\/","og_locale":"pt_BR","og_type":"article","og_title":"EBI API Connector EBInterchange | Integra\u00e7\u00e3o de Sistemas | ERP | B2B","og_description":"O EBI API Connector integra diversas APIs possibilitando a automatiza\u00e7\u00e3o de processos, tornando o fluxo de pedidos r\u00e1pido, seguro e sobre tudo, eficiente.","og_url":"https:\/\/ebinterchange.com.br\/index.php\/ebi-api-connector\/","og_site_name":"EBI | EBInterchange","article_publisher":"https:\/\/www.facebook.com\/ebinterchangebrasil","article_modified_time":"2024-08-19T14:25:53+00:00","og_image":[{"width":1200,"height":210,"url":"https:\/\/ebinterchange.com.br\/wp-content\/uploads\/API-Connect.jpg","type":"image\/jpeg"}],"twitter_card":"summary_large_image","twitter_misc":{"Est. tempo de leitura":"3 minutos"},"schema":{"@context":"https:\/\/schema.org","@graph":[{"@type":"WebPage","@id":"https:\/\/ebinterchange.com.br\/index.php\/ebi-api-connector\/","url":"https:\/\/ebinterchange.com.br\/index.php\/ebi-api-connector\/","name":"EBI API Connector EBInterchange | Integra\u00e7\u00e3o de Sistemas | ERP | B2B","isPartOf":{"@id":"https:\/\/ebinterchange.com.br\/#website"},"primaryImageOfPage":{"@id":"https:\/\/ebinterchange.com.br\/index.php\/ebi-api-connector\/#primaryimage"},"image":{"@id":"https:\/\/ebinterchange.com.br\/index.php\/ebi-api-connector\/#primaryimage"},"thumbnailUrl":"https:\/\/ebinterchange.com.br\/wp-content\/uploads\/API-Connect.jpg","datePublished":"2019-04-22T17:17:10+00:00","dateModified":"2024-08-19T14:25:53+00:00","description":"O EBI API Connector integra diversas APIs possibilitando a automatiza\u00e7\u00e3o de processos, tornando o fluxo de pedidos r\u00e1pido, seguro e sobre tudo, eficiente.","breadcrumb":{"@id":"https:\/\/ebinterchange.com.br\/index.php\/ebi-api-connector\/#breadcrumb"},"inLanguage":"pt-BR","potentialAction":[{"@type":"ReadAction","target":["https:\/\/ebinterchange.com.br\/index.php\/ebi-api-connector\/"]}]},{"@type":"ImageObject","inLanguage":"pt-BR","@id":"https:\/\/ebinterchange.com.br\/index.php\/ebi-api-connector\/#primaryimage","url":"https:\/\/ebinterchange.com.br\/wp-content\/uploads\/API-Connect.jpg","contentUrl":"https:\/\/ebinterchange.com.br\/wp-content\/uploads\/API-Connect.jpg","width":1200,"height":210,"caption":"EBI API Connect"},{"@type":"BreadcrumbList","@id":"https:\/\/ebinterchange.com.br\/index.php\/ebi-api-connector\/#breadcrumb","itemListElement":[{"@type":"ListItem","position":1,"name":"In\u00edcio","item":"https:\/\/ebinterchange.com.br\/"},{"@type":"ListItem","position":2,"name":"EBI API Connector"}]},{"@type":"WebSite","@id":"https:\/\/ebinterchange.com.br\/#website","url":"https:\/\/ebinterchange.com.br\/","name":"EBI | EBInterchange","description":"EBI | Integra\u00e7\u00e3o de Sistemas | ERP | E-commerce | B2B | B2C","publisher":{"@id":"https:\/\/ebinterchange.com.br\/#organization"},"potentialAction":[{"@type":"SearchAction","target":{"@type":"EntryPoint","urlTemplate":"https:\/\/ebinterchange.com.br\/?s={search_term_string}"},"query-input":"required name=search_term_string"}],"inLanguage":"pt-BR"},{"@type":"Organization","@id":"https:\/\/ebinterchange.com.br\/#organization","name":"EBI EBinterchange","url":"https:\/\/ebinterchange.com.br\/","logo":{"@type":"ImageObject","inLanguage":"pt-BR","@id":"https:\/\/ebinterchange.com.br\/#\/schema\/logo\/image\/","url":"https:\/\/ebinterchange.com.br\/wp-content\/uploads\/logo-EBI-EBInterchange-assinatura6.jpg","contentUrl":"https:\/\/ebinterchange.com.br\/wp-content\/uploads\/logo-EBI-EBInterchange-assinatura6.jpg","width":286,"height":173,"caption":"EBI EBinterchange"},"image":{"@id":"https:\/\/ebinterchange.com.br\/#\/schema\/logo\/image\/"},"sameAs":["https:\/\/www.facebook.com\/ebinterchangebrasil","https:\/\/pt.linkedin.com\/company\/ebinterchange"]}]}},"_links":{"self":[{"href":"https:\/\/ebinterchange.com.br\/index.php\/wp-json\/wp\/v2\/pages\/2765","targetHints":{"allow":["GET"]}}],"collection":[{"href":"https:\/\/ebinterchange.com.br\/index.php\/wp-json\/wp\/v2\/pages"}],"about":[{"href":"https:\/\/ebinterchange.com.br\/index.php\/wp-json\/wp\/v2\/types\/page"}],"author":[{"embeddable":true,"href":"https:\/\/ebinterchange.com.br\/index.php\/wp-json\/wp\/v2\/users\/2"}],"replies":[{"embeddable":true,"href":"https:\/\/ebinterchange.com.br\/index.php\/wp-json\/wp\/v2\/comments?post=2765"}],"version-history":[{"count":28,"href":"https:\/\/ebinterchange.com.br\/index.php\/wp-json\/wp\/v2\/pages\/2765\/revisions"}],"predecessor-version":[{"id":4397,"href":"https:\/\/ebinterchange.com.br\/index.php\/wp-json\/wp\/v2\/pages\/2765\/revisions\/4397"}],"wp:featuredmedia":[{"embeddable":true,"href":"https:\/\/ebinterchange.com.br\/index.php\/wp-json\/wp\/v2\/media\/2770"}],"wp:attachment":[{"href":"https:\/\/ebinterchange.com.br\/index.php\/wp-json\/wp\/v2\/media?parent=2765"}],"curies":[{"name":"wp","href":"https:\/\/api.w.org\/{rel}","templated":true}]}}