{"id":4234,"date":"2023-12-01T10:47:32","date_gmt":"2023-12-01T13:47:32","guid":{"rendered":"https:\/\/ebinterchange.com.br\/?page_id=4234"},"modified":"2023-12-01T10:47:34","modified_gmt":"2023-12-01T13:47:34","slug":"conexoes-entre-erp-e-plataformas-e-commerce","status":"publish","type":"page","link":"https:\/\/ebinterchange.com.br\/index.php\/conexoes-entre-erp-e-plataformas-e-commerce\/","title":{"rendered":"Conex\u00f5es entre ERP e Plataformas E-commerce"},"content":{"rendered":"\n<p>Conex\u00f5es entre ERP e Plataformas s\u00e3o fundamentais para aumentar a efici\u00eancia operacional de todos os setores da empresa. Essa m\u00e1xima tamb\u00e9m vale para o abastecimento de estoque junto a fornecedores, \u00e1reas de relacionamento com clientes, Business Intelligence e as vendas f\u00edsicas e online, trazendo resultados muito mais relevantes quando integrados ao sistema de gest\u00e3o da empresa. Veja abaixo algumas vantagens de se montar uma cadeia de integra\u00e7\u00f5es conectadas ao ERP:<\/p>\n\n\n\n<h3 class=\"wp-block-heading\"><strong>Agilidade no monitoramento e an\u00e1lise dos KPIs<\/strong><\/h3>\n\n\n\n<p>Os KPIs (Indicadores de Performance) s\u00e3o os indicadores que est\u00e3o diretamente alinhados com os objetivos do neg\u00f3cio. Portanto, atrav\u00e9s de sua an\u00e1lise \u00e9 poss\u00edvel, n\u00e3o s\u00f3 mensurar resultados, mas tamb\u00e9m definir a\u00e7\u00f5es que refletem diretamente nas receitas da empresa. Para isso \u00e9 importante ter integra\u00e7\u00e3o de seu sistema de gest\u00e3o fiscal, com ferramentas de CRM, BI, vendas e compras, de forma que voc\u00ea possa usar os dados operacionais a favor do m\u00e1ximo de redu\u00e7\u00e3o de custos e aumento de vendas vindos destas informa\u00e7\u00f5es.<\/p>\n\n\n\n<h3 class=\"wp-block-heading\"><strong>Precis\u00e3o sobre as atividades gerenciais e operacionais<\/strong><\/h3>\n\n\n\n<p>Uma vez que sistemas internos e de parceiros estejam 100% integrados com os dados da empresa, a gest\u00e3o e tomada de decis\u00e3o em cada \u00e1rea ganham em assertividade e agilidade. Por exemplo: com a gera\u00e7\u00e3o de um relat\u00f3rio de vendas preciso, \u00e9 poss\u00edvel verificar qual produto possui maior demanda em qual regi\u00e3o do pa\u00eds. Assim \u00e9 poss\u00edvel ajustar estoque e log\u00edstica de entregas, oferecendo um servi\u00e7o de maior qualidade ao cliente.<\/p>\n\n\n\n<h3 class=\"wp-block-heading\"><strong>Controle de estoque via ERP<\/strong><\/h3>\n\n\n\n<p>O controle de estoque e vendas \u00e9 um dos grandes benef\u00edcios conquistados ao integrar o e-Commerce ao ERP, pois os relat\u00f3rios de vendas gerados pelo ERP possibilitam identificar quais produtos possuem maior demanda, o que leva a maior organiza\u00e7\u00e3o de compras para atender melhor aos clientes. Isso vale n\u00e3o s\u00f3 para seu e-Commerce como tamb\u00e9m para vendas em marketplaces e PDVs (pontos de lojas f\u00edsicas) e B2B.<\/p>\n\n\n\n<h3 class=\"wp-block-heading\"><strong>Cadastro de produtos<\/strong><\/h3>\n\n\n\n<p>A integra\u00e7\u00e3o com o ERP possibilita o sincronismo de dados de produtos em todos os sistemas da empresa como e-Commerce, CRM, BI, Plataformas de Marketplaces e etc. Dessa forma voc\u00ea mant\u00e9m integrados estoques, pre\u00e7os, marcas e fabricantes, entre outros registros. Assim torna a administra\u00e7\u00e3o dos pedidos e das vendas muito mais \u00e1gil e precisa.<\/p>\n\n\n\n<h3 class=\"wp-block-heading\"><strong>Obriga\u00e7\u00f5es fiscais<\/strong><\/h3>\n\n\n\n<p>O cumprimento de obriga\u00e7\u00f5es fiscais se torna mais f\u00e1cil ao integrar entre os sistemas da empresa a parte de emiss\u00e3o de documentos obrigat\u00f3rios da legisla\u00e7\u00e3o brasileira, como CT-e (conhecimento de transporte eletr\u00f4nico) MDF-e (manifesto eletr\u00f4nico de documentos fiscais), al\u00e9m, \u00e9 claro, das NF-e. Estes documentos s\u00e3o automatizados e assim entram imediatamente no sistema, facilitando o controle.<\/p>\n\n\n\n<h3 class=\"wp-block-heading\"><strong>CRM integrado ao ERP<\/strong><\/h3>\n\n\n\n<p>O bom gerenciamento dos contatos do cliente com a empresa \u00e9 uma estrat\u00e9gia vencedora para aumentar as vendas e o CRM (Gest\u00e3o de Relacionamento com o Cliente) \u00e9 a melhor solu\u00e7\u00e3o para garantir uma atua\u00e7\u00e3o eficiente nessa \u00e1rea. Ao utilizar as funcionalidades do CRM integrado ao ERP, seu e-Commerce ganha mais agilidade no contato com os clientes. \u00c9 poss\u00edvel acompanhar a evolu\u00e7\u00e3o de qualquer contrato, desde a pr\u00e9-venda at\u00e9 a p\u00f3s-venda. A integra\u00e7\u00e3o tamb\u00e9m possibilita o acesso \u00e1gil ao hist\u00f3rico do cliente, informa\u00e7\u00e3o valiosa, tanto para o vendedor quanto para o gestor, que consegue ter um controle maior sobre como se desenvolve a opera\u00e7\u00e3o de sua empresa.<\/p>\n\n\n\n<h3 class=\"wp-block-heading\"><strong>Como integrar os diversos sistemas do mercado?<\/strong><\/h3>\n\n\n\n<p>A EBInterchange desenvolve projetos de integra\u00e7\u00e3o entre diversas plataformas de ERPs e e-commerces (lojas virtuais e marketplaces), sistemas de vendas em lojas f\u00edsicas (PDV) e os diversos sistemas do mercado aumentando a agilidade, efici\u00eancia e seguran\u00e7a dos dados corporativos. Entre em contato e saiba mais sobre o que a EBInterchange pode fazer pela sua empresa<\/p>\n","protected":false},"excerpt":{"rendered":"<p>Conex\u00f5es entre ERP e Plataformas s\u00e3o fundamentais para aumentar a efici\u00eancia operacional de todos os setores da empresa. Essa m\u00e1xima tamb\u00e9m vale para o abastecimento de estoque junto a fornecedores, \u00e1reas de relacionamento com clientes, Business Intelligence e as vendas f\u00edsicas e online, trazendo resultados muito mais relevantes quando integrados ao sistema de gest\u00e3o da [&hellip;]<\/p>\n","protected":false},"author":2,"featured_media":2558,"parent":0,"menu_order":0,"comment_status":"closed","ping_status":"closed","template":"","meta":{"footnotes":""},"class_list":["post-4234","page","type-page","status-publish","has-post-thumbnail","hentry"],"yoast_head":"<!-- This site is optimized with the Yoast SEO plugin v22.5 - https:\/\/yoast.com\/wordpress\/plugins\/seo\/ -->\n<title>Conex\u00f5es entre ERP e Plataformas E-commerce &#8226; EBI | EBInterchange<\/title>\n<meta name=\"description\" content=\"EBI | EBInterchange Integra\u00e7\u00e3o de sistemas, ERP, EDI, API com projetos junto a grandes empresas no Brasil e Am\u00e9rica Latina. Desenvolvemos projetos para v\u00e1rios segmentos oferecendo integra\u00e7\u00f5es entre diversos formatos de sistemas, B2B e B2C.\" \/>\n<meta name=\"robots\" content=\"index, follow, max-snippet:-1, max-image-preview:large, max-video-preview:-1\" \/>\n<link rel=\"canonical\" href=\"https:\/\/ebinterchange.com.br\/index.php\/conexoes-entre-erp-e-plataformas-e-commerce\/\" \/>\n<meta property=\"og:locale\" content=\"pt_BR\" \/>\n<meta property=\"og:type\" content=\"article\" \/>\n<meta property=\"og:title\" content=\"Conex\u00f5es entre ERP e Plataformas E-commerce &#8226; EBI | EBInterchange\" \/>\n<meta property=\"og:description\" content=\"EBI | EBInterchange Integra\u00e7\u00e3o de sistemas, ERP, EDI, API com projetos junto a grandes empresas no Brasil e Am\u00e9rica Latina. Desenvolvemos projetos para v\u00e1rios segmentos oferecendo integra\u00e7\u00f5es entre diversos formatos de sistemas, B2B e B2C.\" \/>\n<meta property=\"og:url\" content=\"https:\/\/ebinterchange.com.br\/index.php\/conexoes-entre-erp-e-plataformas-e-commerce\/\" \/>\n<meta property=\"og:site_name\" content=\"EBI | EBInterchange\" \/>\n<meta property=\"article:publisher\" content=\"https:\/\/www.facebook.com\/ebinterchangebrasil\" \/>\n<meta property=\"article:modified_time\" content=\"2023-12-01T13:47:34+00:00\" \/>\n<meta property=\"og:image\" content=\"https:\/\/ebinterchange.com.br\/wp-content\/uploads\/varejo-e-commerce2.jpg\" \/>\n\t<meta property=\"og:image:width\" content=\"1200\" \/>\n\t<meta property=\"og:image:height\" content=\"210\" \/>\n\t<meta property=\"og:image:type\" content=\"image\/jpeg\" \/>\n<meta name=\"twitter:card\" content=\"summary_large_image\" \/>\n<meta name=\"twitter:label1\" content=\"Est. tempo de leitura\" \/>\n\t<meta name=\"twitter:data1\" content=\"3 minutos\" \/>\n<script type=\"application\/ld+json\" class=\"yoast-schema-graph\">{\"@context\":\"https:\/\/schema.org\",\"@graph\":[{\"@type\":\"WebPage\",\"@id\":\"https:\/\/ebinterchange.com.br\/index.php\/conexoes-entre-erp-e-plataformas-e-commerce\/\",\"url\":\"https:\/\/ebinterchange.com.br\/index.php\/conexoes-entre-erp-e-plataformas-e-commerce\/\",\"name\":\"Conex\u00f5es entre ERP e Plataformas E-commerce &#8226; EBI | EBInterchange\",\"isPartOf\":{\"@id\":\"https:\/\/ebinterchange.com.br\/#website\"},\"primaryImageOfPage\":{\"@id\":\"https:\/\/ebinterchange.com.br\/index.php\/conexoes-entre-erp-e-plataformas-e-commerce\/#primaryimage\"},\"image\":{\"@id\":\"https:\/\/ebinterchange.com.br\/index.php\/conexoes-entre-erp-e-plataformas-e-commerce\/#primaryimage\"},\"thumbnailUrl\":\"https:\/\/ebinterchange.com.br\/wp-content\/uploads\/varejo-e-commerce2.jpg\",\"datePublished\":\"2023-12-01T13:47:32+00:00\",\"dateModified\":\"2023-12-01T13:47:34+00:00\",\"description\":\"EBI | EBInterchange Integra\u00e7\u00e3o de sistemas, ERP, EDI, API com projetos junto a grandes empresas no Brasil e Am\u00e9rica Latina. Desenvolvemos projetos para v\u00e1rios segmentos oferecendo integra\u00e7\u00f5es entre diversos formatos de sistemas, B2B e B2C.\",\"breadcrumb\":{\"@id\":\"https:\/\/ebinterchange.com.br\/index.php\/conexoes-entre-erp-e-plataformas-e-commerce\/#breadcrumb\"},\"inLanguage\":\"pt-BR\",\"potentialAction\":[{\"@type\":\"ReadAction\",\"target\":[\"https:\/\/ebinterchange.com.br\/index.php\/conexoes-entre-erp-e-plataformas-e-commerce\/\"]}]},{\"@type\":\"ImageObject\",\"inLanguage\":\"pt-BR\",\"@id\":\"https:\/\/ebinterchange.com.br\/index.php\/conexoes-entre-erp-e-plataformas-e-commerce\/#primaryimage\",\"url\":\"https:\/\/ebinterchange.com.br\/wp-content\/uploads\/varejo-e-commerce2.jpg\",\"contentUrl\":\"https:\/\/ebinterchange.com.br\/wp-content\/uploads\/varejo-e-commerce2.jpg\",\"width\":1200,\"height\":210,\"caption\":\"varejo-e-commerce2 EDI Integra\u00e7\u00e3o de Sistemas\"},{\"@type\":\"BreadcrumbList\",\"@id\":\"https:\/\/ebinterchange.com.br\/index.php\/conexoes-entre-erp-e-plataformas-e-commerce\/#breadcrumb\",\"itemListElement\":[{\"@type\":\"ListItem\",\"position\":1,\"name\":\"In\u00edcio\",\"item\":\"https:\/\/ebinterchange.com.br\/\"},{\"@type\":\"ListItem\",\"position\":2,\"name\":\"Conex\u00f5es entre ERP e Plataformas E-commerce\"}]},{\"@type\":\"WebSite\",\"@id\":\"https:\/\/ebinterchange.com.br\/#website\",\"url\":\"https:\/\/ebinterchange.com.br\/\",\"name\":\"EBI | EBInterchange\",\"description\":\"EBI | Integra\u00e7\u00e3o de Sistemas | ERP | E-commerce | B2B | B2C\",\"publisher\":{\"@id\":\"https:\/\/ebinterchange.com.br\/#organization\"},\"potentialAction\":[{\"@type\":\"SearchAction\",\"target\":{\"@type\":\"EntryPoint\",\"urlTemplate\":\"https:\/\/ebinterchange.com.br\/?s={search_term_string}\"},\"query-input\":\"required name=search_term_string\"}],\"inLanguage\":\"pt-BR\"},{\"@type\":\"Organization\",\"@id\":\"https:\/\/ebinterchange.com.br\/#organization\",\"name\":\"EBI EBinterchange\",\"url\":\"https:\/\/ebinterchange.com.br\/\",\"logo\":{\"@type\":\"ImageObject\",\"inLanguage\":\"pt-BR\",\"@id\":\"https:\/\/ebinterchange.com.br\/#\/schema\/logo\/image\/\",\"url\":\"https:\/\/ebinterchange.com.br\/wp-content\/uploads\/logo-EBI-EBInterchange-assinatura6.jpg\",\"contentUrl\":\"https:\/\/ebinterchange.com.br\/wp-content\/uploads\/logo-EBI-EBInterchange-assinatura6.jpg\",\"width\":286,\"height\":173,\"caption\":\"EBI EBinterchange\"},\"image\":{\"@id\":\"https:\/\/ebinterchange.com.br\/#\/schema\/logo\/image\/\"},\"sameAs\":[\"https:\/\/www.facebook.com\/ebinterchangebrasil\",\"https:\/\/pt.linkedin.com\/company\/ebinterchange\"]}]}<\/script>\n<!-- \/ Yoast SEO plugin. -->","yoast_head_json":{"title":"Conex\u00f5es entre ERP e Plataformas E-commerce &#8226; EBI | EBInterchange","description":"EBI | EBInterchange Integra\u00e7\u00e3o de sistemas, ERP, EDI, API com projetos junto a grandes empresas no Brasil e Am\u00e9rica Latina. Desenvolvemos projetos para v\u00e1rios segmentos oferecendo integra\u00e7\u00f5es entre diversos formatos de sistemas, B2B e B2C.","robots":{"index":"index","follow":"follow","max-snippet":"max-snippet:-1","max-image-preview":"max-image-preview:large","max-video-preview":"max-video-preview:-1"},"canonical":"https:\/\/ebinterchange.com.br\/index.php\/conexoes-entre-erp-e-plataformas-e-commerce\/","og_locale":"pt_BR","og_type":"article","og_title":"Conex\u00f5es entre ERP e Plataformas E-commerce &#8226; EBI | EBInterchange","og_description":"EBI | EBInterchange Integra\u00e7\u00e3o de sistemas, ERP, EDI, API com projetos junto a grandes empresas no Brasil e Am\u00e9rica Latina. Desenvolvemos projetos para v\u00e1rios segmentos oferecendo integra\u00e7\u00f5es entre diversos formatos de sistemas, B2B e B2C.","og_url":"https:\/\/ebinterchange.com.br\/index.php\/conexoes-entre-erp-e-plataformas-e-commerce\/","og_site_name":"EBI | EBInterchange","article_publisher":"https:\/\/www.facebook.com\/ebinterchangebrasil","article_modified_time":"2023-12-01T13:47:34+00:00","og_image":[{"width":1200,"height":210,"url":"https:\/\/ebinterchange.com.br\/wp-content\/uploads\/varejo-e-commerce2.jpg","type":"image\/jpeg"}],"twitter_card":"summary_large_image","twitter_misc":{"Est. tempo de leitura":"3 minutos"},"schema":{"@context":"https:\/\/schema.org","@graph":[{"@type":"WebPage","@id":"https:\/\/ebinterchange.com.br\/index.php\/conexoes-entre-erp-e-plataformas-e-commerce\/","url":"https:\/\/ebinterchange.com.br\/index.php\/conexoes-entre-erp-e-plataformas-e-commerce\/","name":"Conex\u00f5es entre ERP e Plataformas E-commerce &#8226; EBI | EBInterchange","isPartOf":{"@id":"https:\/\/ebinterchange.com.br\/#website"},"primaryImageOfPage":{"@id":"https:\/\/ebinterchange.com.br\/index.php\/conexoes-entre-erp-e-plataformas-e-commerce\/#primaryimage"},"image":{"@id":"https:\/\/ebinterchange.com.br\/index.php\/conexoes-entre-erp-e-plataformas-e-commerce\/#primaryimage"},"thumbnailUrl":"https:\/\/ebinterchange.com.br\/wp-content\/uploads\/varejo-e-commerce2.jpg","datePublished":"2023-12-01T13:47:32+00:00","dateModified":"2023-12-01T13:47:34+00:00","description":"EBI | EBInterchange Integra\u00e7\u00e3o de sistemas, ERP, EDI, API com projetos junto a grandes empresas no Brasil e Am\u00e9rica Latina. Desenvolvemos projetos para v\u00e1rios segmentos oferecendo integra\u00e7\u00f5es entre diversos formatos de sistemas, B2B e B2C.","breadcrumb":{"@id":"https:\/\/ebinterchange.com.br\/index.php\/conexoes-entre-erp-e-plataformas-e-commerce\/#breadcrumb"},"inLanguage":"pt-BR","potentialAction":[{"@type":"ReadAction","target":["https:\/\/ebinterchange.com.br\/index.php\/conexoes-entre-erp-e-plataformas-e-commerce\/"]}]},{"@type":"ImageObject","inLanguage":"pt-BR","@id":"https:\/\/ebinterchange.com.br\/index.php\/conexoes-entre-erp-e-plataformas-e-commerce\/#primaryimage","url":"https:\/\/ebinterchange.com.br\/wp-content\/uploads\/varejo-e-commerce2.jpg","contentUrl":"https:\/\/ebinterchange.com.br\/wp-content\/uploads\/varejo-e-commerce2.jpg","width":1200,"height":210,"caption":"varejo-e-commerce2 EDI Integra\u00e7\u00e3o de Sistemas"},{"@type":"BreadcrumbList","@id":"https:\/\/ebinterchange.com.br\/index.php\/conexoes-entre-erp-e-plataformas-e-commerce\/#breadcrumb","itemListElement":[{"@type":"ListItem","position":1,"name":"In\u00edcio","item":"https:\/\/ebinterchange.com.br\/"},{"@type":"ListItem","position":2,"name":"Conex\u00f5es entre ERP e Plataformas E-commerce"}]},{"@type":"WebSite","@id":"https:\/\/ebinterchange.com.br\/#website","url":"https:\/\/ebinterchange.com.br\/","name":"EBI | EBInterchange","description":"EBI | Integra\u00e7\u00e3o de Sistemas | ERP | E-commerce | B2B | B2C","publisher":{"@id":"https:\/\/ebinterchange.com.br\/#organization"},"potentialAction":[{"@type":"SearchAction","target":{"@type":"EntryPoint","urlTemplate":"https:\/\/ebinterchange.com.br\/?s={search_term_string}"},"query-input":"required name=search_term_string"}],"inLanguage":"pt-BR"},{"@type":"Organization","@id":"https:\/\/ebinterchange.com.br\/#organization","name":"EBI EBinterchange","url":"https:\/\/ebinterchange.com.br\/","logo":{"@type":"ImageObject","inLanguage":"pt-BR","@id":"https:\/\/ebinterchange.com.br\/#\/schema\/logo\/image\/","url":"https:\/\/ebinterchange.com.br\/wp-content\/uploads\/logo-EBI-EBInterchange-assinatura6.jpg","contentUrl":"https:\/\/ebinterchange.com.br\/wp-content\/uploads\/logo-EBI-EBInterchange-assinatura6.jpg","width":286,"height":173,"caption":"EBI EBinterchange"},"image":{"@id":"https:\/\/ebinterchange.com.br\/#\/schema\/logo\/image\/"},"sameAs":["https:\/\/www.facebook.com\/ebinterchangebrasil","https:\/\/pt.linkedin.com\/company\/ebinterchange"]}]}},"_links":{"self":[{"href":"https:\/\/ebinterchange.com.br\/index.php\/wp-json\/wp\/v2\/pages\/4234","targetHints":{"allow":["GET"]}}],"collection":[{"href":"https:\/\/ebinterchange.com.br\/index.php\/wp-json\/wp\/v2\/pages"}],"about":[{"href":"https:\/\/ebinterchange.com.br\/index.php\/wp-json\/wp\/v2\/types\/page"}],"author":[{"embeddable":true,"href":"https:\/\/ebinterchange.com.br\/index.php\/wp-json\/wp\/v2\/users\/2"}],"replies":[{"embeddable":true,"href":"https:\/\/ebinterchange.com.br\/index.php\/wp-json\/wp\/v2\/comments?post=4234"}],"version-history":[{"count":2,"href":"https:\/\/ebinterchange.com.br\/index.php\/wp-json\/wp\/v2\/pages\/4234\/revisions"}],"predecessor-version":[{"id":4236,"href":"https:\/\/ebinterchange.com.br\/index.php\/wp-json\/wp\/v2\/pages\/4234\/revisions\/4236"}],"wp:featuredmedia":[{"embeddable":true,"href":"https:\/\/ebinterchange.com.br\/index.php\/wp-json\/wp\/v2\/media\/2558"}],"wp:attachment":[{"href":"https:\/\/ebinterchange.com.br\/index.php\/wp-json\/wp\/v2\/media?parent=4234"}],"curies":[{"name":"wp","href":"https:\/\/api.w.org\/{rel}","templated":true}]}}