{"id":808,"date":"2015-08-04T15:45:54","date_gmt":"2015-08-04T15:45:54","guid":{"rendered":"http:\/\/ebinterchange.com.br\/?page_id=808"},"modified":"2026-01-27T11:38:31","modified_gmt":"2026-01-27T14:38:31","slug":"ebinterchange","status":"publish","type":"page","link":"https:\/\/ebinterchange.com.br\/index.php\/ebinterchange\/","title":{"rendered":"EBInterchange &#8211; Integrando Ecossistemas Digitais"},"content":{"rendered":"<p style=\"text-align: left;\">\u00a0A EBInterchange vem atuando h\u00e1 mais de 20 anos na \u00e1rea de integra\u00e7\u00e3o de sistemas, e dessa forma realizando projetos junto a grandes empresas no Brasil bem como na Am\u00e9rica Latina. Desenvolvemos projetos para\u00a0 diversos segmentos de mercado como financeiro, log\u00edstico, telecomunica\u00e7\u00f5es, ind\u00fastria, varejo assim como servi\u00e7os.<\/p>\nCom o mercado inegavelmente mais exigente, a integra\u00e7\u00e3o de sistemas \u00e9 fundamental na busca de um diferencial. Um ambiente otimizado possibilita aos processos transcorrerem de maneira \u00e1gil, segura e eficiente.\n\nOs clientes da EBInterchange s\u00e3o l\u00edderes em seus segmentos de mercado. Nossas solu\u00e7\u00f5es tornaram-se essenciais para o sucesso em seus neg\u00f3cios. A integra\u00e7\u00e3o de sistemas reduz custos, aumenta a produtividade, agiliza os processos da mesma forma que evita falhas.\n\nUtilizamos nossa experi\u00eancia para desenvolver o EBI Connection Center, com a finalidade de\u00a0aproximar os neg\u00f3cios a fim de facilitar as integra\u00e7\u00f5es de sistemas, garantir\u00a0os processos operacionais bem como o gerenciamento do ambiente de processamento colaborativo.\n\nO\u00a0<a href=\"\/index.php\/ebi-connection-center\/\">EBI \u00a0Connection Center<\/a>\u00a0\u00e9 um\u00a0middleware\u00a0com\u00a0Arquitetura Enterprise\u00a0que tem a finalidade de integrar\u00a0sistemas de forma simples, funcional, escal\u00e1vel\u00a0e segura para suportar grande volume de conex\u00f5es.\n\nO gerenciamento de conex\u00f5es e eventos de TI realizadas via\u00a0EBI Connection Center permite o Cross Analysis Environment, dessa forma correlacionando eventos e informa\u00e7\u00f5es de processos. O EBI Connection Center \u00e9 altamente escal\u00e1vel e\u00a0integrador de\u00a0sistemas,\u00a0seja\u00a0ERP ou qualquer outro outro sistema mesmo que propriet\u00e1rio.\n<h3>Benef\u00edcios do EBI Connection Center da EBInterchange:<\/h3>\n<ul>\n \t<li>Integrar e agilizar processos;<\/li>\n \t<li>Facilitar a integra\u00e7\u00e3o entre os parceiros de neg\u00f3cio;<\/li>\n \t<li>Suportar diferentes\u00a0m\u00e9todos de integra\u00e7\u00e3o via\u00a0<a href=\"https:\/\/ebinterchange.com.br\/index.php\/edi-gateway\/\" target=\"_blank\" rel=\"noopener noreferrer\" data-saferedirecturl=\"https:\/\/www.google.com\/url?q=http:\/\/ebinterchange.com.br\/edi-gateway\/&amp;source=gmail&amp;ust=1553175801244000&amp;usg=AFQjCNGV93gZm_yNm_ZJqYnmXHTntN9-2g\">EDI Gateway<\/a>, API, Webservices, FT, DB, MQueue e\u00a0outros;<\/li>\n \t<li>Automatizar processos afim de minimizar custos e vulnerabilidades;<\/li>\n \t<li>Maior produtividade;<\/li>\n \t<li>Expandir a rela\u00e7\u00e3o com os parceiros de neg\u00f3cio;<\/li>\n \t<li>Gerenciar o processamento distribu\u00eddo;<\/li>\n \t<li>Integrar diferentes tecnologias como IBM, SAP, ORACLE, TOTVS, \u00a0VTEX, Magento, e outros;<\/li>\n \t<li>Gerenciamento de opera\u00e7\u00f5es de TI e neg\u00f3cios via Web Portal;<\/li>\n \t<li>Integrar sistemas de e-commerce no B2B assim como no B2C.<\/li>\n<\/ul>\nAcesse\u00a0<a href=\"https:\/\/ebinterchange.com.br\/index.php\/solucoes\/\" target=\"_blank\" rel=\"noopener noreferrer\" data-saferedirecturl=\"https:\/\/www.google.com\/url?q=http:\/\/ebinterchange.com.br\/nossos-produtos\/&amp;source=gmail&amp;ust=1553175801244000&amp;usg=AFQjCNEo22NK99B9-zC5BEfzpDdG2-AbFw\">Solu\u00e7\u00f5es<\/a>\u00a0para mais informa\u00e7\u00f5es sobre as ferramentas desenvolvidas pela EBInterchange.\n\n<a href=\"https:\/\/ebinterchange.com.br\/index.php\/contato\/\"><strong>Entre em contato <\/strong><\/a>e conhe\u00e7a mais sobre oque a integra\u00e7\u00e3o de sistemas pode fazer pela sua empresa.","protected":false},"excerpt":{"rendered":"<p>\u00a0A EBInterchange vem atuando h\u00e1 mais de 20 anos na \u00e1rea de integra\u00e7\u00e3o de sistemas, e dessa forma realizando projetos junto a grandes empresas no Brasil bem como na Am\u00e9rica Latina. Desenvolvemos projetos para\u00a0 diversos segmentos de mercado como financeiro, log\u00edstico, telecomunica\u00e7\u00f5es, ind\u00fastria, varejo assim como servi\u00e7os. Com o mercado inegavelmente mais exigente, a integra\u00e7\u00e3o [&hellip;]<\/p>\n","protected":false},"author":2,"featured_media":2426,"parent":0,"menu_order":0,"comment_status":"closed","ping_status":"closed","template":"","meta":{"footnotes":""},"class_list":["post-808","page","type-page","status-publish","has-post-thumbnail","hentry"],"yoast_head":"<!-- This site is optimized with the Yoast SEO plugin v22.5 - https:\/\/yoast.com\/wordpress\/plugins\/seo\/ -->\n<title>EBI EBInterchange | Integra\u00e7\u00e3o de Sistemas | ERP | B2B | B2C | API<\/title>\n<meta name=\"description\" content=\"A EBInterchange trabalha em integra\u00e7\u00e3o de sistemas realizando projetos nas \u00e1reas de log\u00edstica, varejo, ind\u00fastria, financeiro no Brasil e na Am\u00e9rica Latina.\" \/>\n<meta name=\"robots\" content=\"index, follow, max-snippet:-1, max-image-preview:large, max-video-preview:-1\" \/>\n<link rel=\"canonical\" href=\"https:\/\/ebinterchange.com.br\/index.php\/ebinterchange\/\" \/>\n<meta property=\"og:locale\" content=\"pt_BR\" \/>\n<meta property=\"og:type\" content=\"article\" \/>\n<meta property=\"og:title\" content=\"EBI - EBInterchange - Hist\u00f3ria e Perfil Corporativo\" \/>\n<meta property=\"og:description\" content=\"A EBI trabalha em integra\u00e7\u00e3o de sistemas realizando projetos de grandes empresas como Bancos, Seguradoras, Log\u00edstica e Varejo no Brasil e na Am\u00e9rica Latina.\" \/>\n<meta property=\"og:url\" content=\"https:\/\/ebinterchange.com.br\/index.php\/ebinterchange\/\" \/>\n<meta property=\"og:site_name\" content=\"EBI | EBInterchange\" \/>\n<meta property=\"article:publisher\" content=\"https:\/\/www.facebook.com\/ebinterchangebrasil\" \/>\n<meta property=\"article:modified_time\" content=\"2026-01-27T14:38:31+00:00\" \/>\n<meta name=\"twitter:card\" content=\"summary_large_image\" \/>\n<meta name=\"twitter:image\" content=\"https:\/\/ebinterchange.com.br\/wp-content\/uploads\/EBInterchange-Integracao-de-Sistemas-Empresa.jpg\" \/>\n<meta name=\"twitter:label1\" content=\"Est. tempo de leitura\" \/>\n\t<meta name=\"twitter:data1\" content=\"2 minutos\" \/>\n<script type=\"application\/ld+json\" class=\"yoast-schema-graph\">{\"@context\":\"https:\/\/schema.org\",\"@graph\":[{\"@type\":\"WebPage\",\"@id\":\"https:\/\/ebinterchange.com.br\/index.php\/ebinterchange\/\",\"url\":\"https:\/\/ebinterchange.com.br\/index.php\/ebinterchange\/\",\"name\":\"EBI EBInterchange | Integra\u00e7\u00e3o de Sistemas | ERP | B2B | B2C | API\",\"isPartOf\":{\"@id\":\"https:\/\/ebinterchange.com.br\/#website\"},\"primaryImageOfPage\":{\"@id\":\"https:\/\/ebinterchange.com.br\/index.php\/ebinterchange\/#primaryimage\"},\"image\":{\"@id\":\"https:\/\/ebinterchange.com.br\/index.php\/ebinterchange\/#primaryimage\"},\"thumbnailUrl\":\"https:\/\/ebinterchange.com.br\/wp-content\/uploads\/EBInterchange-Integracao-de-Sistemas-Empresa.jpg\",\"datePublished\":\"2015-08-04T15:45:54+00:00\",\"dateModified\":\"2026-01-27T14:38:31+00:00\",\"description\":\"A EBInterchange trabalha em integra\u00e7\u00e3o de sistemas realizando projetos nas \u00e1reas de log\u00edstica, varejo, ind\u00fastria, financeiro no Brasil e na Am\u00e9rica Latina.\",\"breadcrumb\":{\"@id\":\"https:\/\/ebinterchange.com.br\/index.php\/ebinterchange\/#breadcrumb\"},\"inLanguage\":\"pt-BR\",\"potentialAction\":[{\"@type\":\"ReadAction\",\"target\":[\"https:\/\/ebinterchange.com.br\/index.php\/ebinterchange\/\"]}]},{\"@type\":\"ImageObject\",\"inLanguage\":\"pt-BR\",\"@id\":\"https:\/\/ebinterchange.com.br\/index.php\/ebinterchange\/#primaryimage\",\"url\":\"https:\/\/ebinterchange.com.br\/wp-content\/uploads\/EBInterchange-Integracao-de-Sistemas-Empresa.jpg\",\"contentUrl\":\"https:\/\/ebinterchange.com.br\/wp-content\/uploads\/EBInterchange-Integracao-de-Sistemas-Empresa.jpg\",\"width\":1230,\"height\":209,\"caption\":\"EBInterchange Integracao de Sistemas Empresa\"},{\"@type\":\"BreadcrumbList\",\"@id\":\"https:\/\/ebinterchange.com.br\/index.php\/ebinterchange\/#breadcrumb\",\"itemListElement\":[{\"@type\":\"ListItem\",\"position\":1,\"name\":\"In\u00edcio\",\"item\":\"https:\/\/ebinterchange.com.br\/\"},{\"@type\":\"ListItem\",\"position\":2,\"name\":\"EBInterchange &#8211; Integrando Ecossistemas Digitais\"}]},{\"@type\":\"WebSite\",\"@id\":\"https:\/\/ebinterchange.com.br\/#website\",\"url\":\"https:\/\/ebinterchange.com.br\/\",\"name\":\"EBI | EBInterchange\",\"description\":\"EBI | Integra\u00e7\u00e3o de Sistemas | ERP | E-commerce | B2B | B2C\",\"publisher\":{\"@id\":\"https:\/\/ebinterchange.com.br\/#organization\"},\"potentialAction\":[{\"@type\":\"SearchAction\",\"target\":{\"@type\":\"EntryPoint\",\"urlTemplate\":\"https:\/\/ebinterchange.com.br\/?s={search_term_string}\"},\"query-input\":\"required name=search_term_string\"}],\"inLanguage\":\"pt-BR\"},{\"@type\":\"Organization\",\"@id\":\"https:\/\/ebinterchange.com.br\/#organization\",\"name\":\"EBI EBinterchange\",\"url\":\"https:\/\/ebinterchange.com.br\/\",\"logo\":{\"@type\":\"ImageObject\",\"inLanguage\":\"pt-BR\",\"@id\":\"https:\/\/ebinterchange.com.br\/#\/schema\/logo\/image\/\",\"url\":\"https:\/\/ebinterchange.com.br\/wp-content\/uploads\/logo-EBI-EBInterchange-assinatura6.jpg\",\"contentUrl\":\"https:\/\/ebinterchange.com.br\/wp-content\/uploads\/logo-EBI-EBInterchange-assinatura6.jpg\",\"width\":286,\"height\":173,\"caption\":\"EBI EBinterchange\"},\"image\":{\"@id\":\"https:\/\/ebinterchange.com.br\/#\/schema\/logo\/image\/\"},\"sameAs\":[\"https:\/\/www.facebook.com\/ebinterchangebrasil\",\"https:\/\/pt.linkedin.com\/company\/ebinterchange\"]}]}<\/script>\n<!-- \/ Yoast SEO plugin. -->","yoast_head_json":{"title":"EBI EBInterchange | Integra\u00e7\u00e3o de Sistemas | ERP | B2B | B2C | API","description":"A EBInterchange trabalha em integra\u00e7\u00e3o de sistemas realizando projetos nas \u00e1reas de log\u00edstica, varejo, ind\u00fastria, financeiro no Brasil e na Am\u00e9rica Latina.","robots":{"index":"index","follow":"follow","max-snippet":"max-snippet:-1","max-image-preview":"max-image-preview:large","max-video-preview":"max-video-preview:-1"},"canonical":"https:\/\/ebinterchange.com.br\/index.php\/ebinterchange\/","og_locale":"pt_BR","og_type":"article","og_title":"EBI - EBInterchange - Hist\u00f3ria e Perfil Corporativo","og_description":"A EBI trabalha em integra\u00e7\u00e3o de sistemas realizando projetos de grandes empresas como Bancos, Seguradoras, Log\u00edstica e Varejo no Brasil e na Am\u00e9rica Latina.","og_url":"https:\/\/ebinterchange.com.br\/index.php\/ebinterchange\/","og_site_name":"EBI | EBInterchange","article_publisher":"https:\/\/www.facebook.com\/ebinterchangebrasil","article_modified_time":"2026-01-27T14:38:31+00:00","twitter_card":"summary_large_image","twitter_image":"https:\/\/ebinterchange.com.br\/wp-content\/uploads\/EBInterchange-Integracao-de-Sistemas-Empresa.jpg","twitter_misc":{"Est. tempo de leitura":"2 minutos"},"schema":{"@context":"https:\/\/schema.org","@graph":[{"@type":"WebPage","@id":"https:\/\/ebinterchange.com.br\/index.php\/ebinterchange\/","url":"https:\/\/ebinterchange.com.br\/index.php\/ebinterchange\/","name":"EBI EBInterchange | Integra\u00e7\u00e3o de Sistemas | ERP | B2B | B2C | API","isPartOf":{"@id":"https:\/\/ebinterchange.com.br\/#website"},"primaryImageOfPage":{"@id":"https:\/\/ebinterchange.com.br\/index.php\/ebinterchange\/#primaryimage"},"image":{"@id":"https:\/\/ebinterchange.com.br\/index.php\/ebinterchange\/#primaryimage"},"thumbnailUrl":"https:\/\/ebinterchange.com.br\/wp-content\/uploads\/EBInterchange-Integracao-de-Sistemas-Empresa.jpg","datePublished":"2015-08-04T15:45:54+00:00","dateModified":"2026-01-27T14:38:31+00:00","description":"A EBInterchange trabalha em integra\u00e7\u00e3o de sistemas realizando projetos nas \u00e1reas de log\u00edstica, varejo, ind\u00fastria, financeiro no Brasil e na Am\u00e9rica Latina.","breadcrumb":{"@id":"https:\/\/ebinterchange.com.br\/index.php\/ebinterchange\/#breadcrumb"},"inLanguage":"pt-BR","potentialAction":[{"@type":"ReadAction","target":["https:\/\/ebinterchange.com.br\/index.php\/ebinterchange\/"]}]},{"@type":"ImageObject","inLanguage":"pt-BR","@id":"https:\/\/ebinterchange.com.br\/index.php\/ebinterchange\/#primaryimage","url":"https:\/\/ebinterchange.com.br\/wp-content\/uploads\/EBInterchange-Integracao-de-Sistemas-Empresa.jpg","contentUrl":"https:\/\/ebinterchange.com.br\/wp-content\/uploads\/EBInterchange-Integracao-de-Sistemas-Empresa.jpg","width":1230,"height":209,"caption":"EBInterchange Integracao de Sistemas Empresa"},{"@type":"BreadcrumbList","@id":"https:\/\/ebinterchange.com.br\/index.php\/ebinterchange\/#breadcrumb","itemListElement":[{"@type":"ListItem","position":1,"name":"In\u00edcio","item":"https:\/\/ebinterchange.com.br\/"},{"@type":"ListItem","position":2,"name":"EBInterchange &#8211; Integrando Ecossistemas Digitais"}]},{"@type":"WebSite","@id":"https:\/\/ebinterchange.com.br\/#website","url":"https:\/\/ebinterchange.com.br\/","name":"EBI | EBInterchange","description":"EBI | Integra\u00e7\u00e3o de Sistemas | ERP | E-commerce | B2B | B2C","publisher":{"@id":"https:\/\/ebinterchange.com.br\/#organization"},"potentialAction":[{"@type":"SearchAction","target":{"@type":"EntryPoint","urlTemplate":"https:\/\/ebinterchange.com.br\/?s={search_term_string}"},"query-input":"required name=search_term_string"}],"inLanguage":"pt-BR"},{"@type":"Organization","@id":"https:\/\/ebinterchange.com.br\/#organization","name":"EBI EBinterchange","url":"https:\/\/ebinterchange.com.br\/","logo":{"@type":"ImageObject","inLanguage":"pt-BR","@id":"https:\/\/ebinterchange.com.br\/#\/schema\/logo\/image\/","url":"https:\/\/ebinterchange.com.br\/wp-content\/uploads\/logo-EBI-EBInterchange-assinatura6.jpg","contentUrl":"https:\/\/ebinterchange.com.br\/wp-content\/uploads\/logo-EBI-EBInterchange-assinatura6.jpg","width":286,"height":173,"caption":"EBI EBinterchange"},"image":{"@id":"https:\/\/ebinterchange.com.br\/#\/schema\/logo\/image\/"},"sameAs":["https:\/\/www.facebook.com\/ebinterchangebrasil","https:\/\/pt.linkedin.com\/company\/ebinterchange"]}]}},"_links":{"self":[{"href":"https:\/\/ebinterchange.com.br\/index.php\/wp-json\/wp\/v2\/pages\/808","targetHints":{"allow":["GET"]}}],"collection":[{"href":"https:\/\/ebinterchange.com.br\/index.php\/wp-json\/wp\/v2\/pages"}],"about":[{"href":"https:\/\/ebinterchange.com.br\/index.php\/wp-json\/wp\/v2\/types\/page"}],"author":[{"embeddable":true,"href":"https:\/\/ebinterchange.com.br\/index.php\/wp-json\/wp\/v2\/users\/2"}],"replies":[{"embeddable":true,"href":"https:\/\/ebinterchange.com.br\/index.php\/wp-json\/wp\/v2\/comments?post=808"}],"version-history":[{"count":14,"href":"https:\/\/ebinterchange.com.br\/index.php\/wp-json\/wp\/v2\/pages\/808\/revisions"}],"predecessor-version":[{"id":4436,"href":"https:\/\/ebinterchange.com.br\/index.php\/wp-json\/wp\/v2\/pages\/808\/revisions\/4436"}],"wp:featuredmedia":[{"embeddable":true,"href":"https:\/\/ebinterchange.com.br\/index.php\/wp-json\/wp\/v2\/media\/2426"}],"wp:attachment":[{"href":"https:\/\/ebinterchange.com.br\/index.php\/wp-json\/wp\/v2\/media?parent=808"}],"curies":[{"name":"wp","href":"https:\/\/api.w.org\/{rel}","templated":true}]}}