{"id":953,"date":"2015-08-04T15:45:20","date_gmt":"2015-08-04T15:45:20","guid":{"rendered":"http:\/\/ebinterchange.com.br\/?page_id=806"},"modified":"2024-07-08T08:58:10","modified_gmt":"2024-07-08T11:58:10","slug":"contato","status":"publish","type":"page","link":"https:\/\/ebinterchange.com.br\/index.php\/contato\/","title":{"rendered":"Contato"},"content":{"rendered":"\n<p>\u00a0Estamos a sua disposi\u00e7\u00e3o para receber seu contato. Vamos conversar a respeito de Suporte T\u00e9cnico, Projetos bem como \u00c1rea Comercial. A EBInterchange vem atuando h\u00e1 mais de 20 anos na \u00e1rea de integra\u00e7\u00e3o de sistemas, e dessa forma realizando projetos junto a grandes empresas no Brasil bem como na Am\u00e9rica Latina. Desenvolvemos projetos para diversos segmentos de mercado como financeiro, log\u00edstico, telecomunica\u00e7\u00f5es, ind\u00fastria, varejo assim como servi\u00e7os. Com o mercado inegavelmente mais exigente, a integra\u00e7\u00e3o de sistemas \u00e9 fundamental na busca de um diferencial. Um ambiente otimizado possibilita assim aos processos transcorrerem de maneira \u00e1gil, segura e eficiente. Voc\u00ea tamb\u00e9m pode acessar <a href=\"\/index.php\/ebi-connection-center\/\">EBI Connection Center<\/a> e dessa forma conferir como nossa ferramenta pode realizar integra\u00e7\u00f5es de forma segura, \u00e1gil e eficiente! Conhe\u00e7a tamb\u00e9m nossas solu\u00e7\u00f5es para os diversos segmentos acessando o link Solu\u00e7\u00f5es. Fale conosco atrav\u00e9s dos telefones ou e-mails ou preencha o formul\u00e1rio abaixo. Nosso setor de relacionamento retornar\u00e1 sua mensagem para lhe ajudar\u00e1 no que for preciso. Seu contato \u00e9 importante para n\u00f3s:<\/p>\n\n\n\n<h3 class=\"wp-block-heading uk-article-title uk-text-secondary\">Entre em contato conosco!<\/h3>\n\n\n\n\n\n<div id=\"wk-grid78e\" class=\"uk-grid-width-1-1 uk-grid-width-small-1-2 uk-grid-width-medium-1-2 uk-grid-width-large-1-2 uk-grid uk-grid-match uk-text-left \" data-uk-grid-match=\"{target:'> div > .uk-panel', row:true}\" data-uk-grid-margin  data-uk-scrollspy=\"{cls:'uk-animation-scale-up uk-invisible', target:'> div > .uk-panel', delay:300}\">\n\n\n    <div>\n        <div class=\"uk-panel uk-invisible\">\n\n            \n            \n            \n            \n            \n            \n            \n                        <div class=\"uk-margin\"><div class=\"uk-panel uk-panel-box uk-panel-box-secondary\">\n<h4 class=\"uk-text-secondary\" align=\"center\"><strong><i class=\"uk-icon-phone uk-icon-large\"><\/i>\u00a0Telefone\/Whatsapp:<\/strong><\/h4>\n<h3 class=\"uk-text\" align=\"center\"><strong>+55 (11)\u00a09 3287-1001  \u2022  (11) 9 7119-9899\u00a0<\/strong><\/h3>\n<\/div><\/li><\/div>\n            \n            \n            \n            \n        <\/div>\n    <\/div>\n\n\n    <div>\n        <div class=\"uk-panel uk-invisible\">\n\n            \n            \n            \n            \n            \n            \n            \n                        <div class=\"uk-margin\"><div class=\"uk-panel uk-panel-box uk-panel-box-secondary\">\n<h4 class=\"uk-text-secondary\" align=\"center\"><strong><i class=\"uk-icon-envelope uk-icon-large\"><\/i>\u00a0E-mail:<\/strong><\/h4>\n<h3 class=\"uk-text\" align=\"center\"><strong>contato@ebinterchange.com.br <\/strong><\/h3>\n<\/div><\/div>\n            \n            \n            \n            \n        <\/div>\n    <\/div>\n\n\n<\/div>\n\n<script>\n(function($){\n\n    \/\/ get the images of the gallery and replace it by a canvas of the same size to fix the problem with overlapping images on load.\n    $('img[width][height]:not(.uk-overlay-panel)', $('#wk-grid78e')).each(function() {\n\n        var $img = $(this);\n\n        if (this.width == 'auto' || this.height == 'auto' || !$img.is(':visible')) {\n            return;\n        }\n\n        var $canvas = $('<canvas class=\"uk-responsive-width\"><\/canvas>').attr({width:$img.attr('width'), height:$img.attr('height')}),\n            img = new Image,\n            release = function() {\n                $canvas.remove();\n                $img.css('display', '');\n                release = function(){};\n            };\n\n        $img.css('display', 'none').after($canvas);\n\n        $(img).on('load', function(){ release(); });\n        setTimeout(function(){ release(); }, 1000);\n\n        img.src = this.src;\n\n    });\n\n})(jQuery);\n<\/script>\n\n\n\n\n<hr class=\"wp-block-separator has-css-opacity\"\/>\n\n\n\n<h3 class=\"wp-block-heading\"><strong>Entre em contato com a EBInterchange<\/strong><\/h3>\n\n\n\n<div class=\"uk-form uk-panel uk-panel-box widget_text\"><div role=\"form\" class=\"wpcf7\" id=\"wpcf7-f6-o1\" lang=\"pt-BR\" dir=\"ltr\">\n<div class=\"screen-reader-response\"><\/div>\n<form action=\"\/index.php\/wp-json\/wp\/v2\/pages\/953#wpcf7-f6-o1\" method=\"post\" class=\"wpcf7-form\" novalidate=\"novalidate\">\n<div style=\"display: none;\">\n<input type=\"hidden\" name=\"_wpcf7\" value=\"6\" \/>\n<input type=\"hidden\" name=\"_wpcf7_version\" value=\"5.1.1\" \/>\n<input type=\"hidden\" name=\"_wpcf7_locale\" value=\"pt_BR\" \/>\n<input type=\"hidden\" name=\"_wpcf7_unit_tag\" value=\"wpcf7-f6-o1\" \/>\n<input type=\"hidden\" name=\"_wpcf7_container_post\" value=\"0\" \/>\n<input type=\"hidden\" name=\"g-recaptcha-response\" value=\"\" \/>\n<\/div>\n<ul class=\"uk-grid uk-grid-large-1-1 uk-grid-width-large-1-2 uk-grid-width-large-1-3\" data-uk-grid-margin=\"\">\n<li>\n<div class=\"uk-panel\">\n<p> Nome:<br \/><span class=\"wpcf7-form-control-wrap your-name\"><input type=\"text\" name=\"your-name\" value=\"\" size=\"40\" class=\"wpcf7-form-control wpcf7-text wpcf7-validates-as-required uk-width-1-1\" aria-required=\"true\" aria-invalid=\"false\" placeholder=\"Digite aqui seu o nome\" \/><\/span><\/div>\n<\/li>\n<li>\n<div class=\"uk-panel\">\n<p> E-mail:<br \/><span class=\"wpcf7-form-control-wrap your-email\"><input type=\"email\" name=\"your-email\" value=\"\" size=\"40\" class=\"wpcf7-form-control wpcf7-text wpcf7-email wpcf7-validates-as-required wpcf7-validates-as-email uk-width-1-1\" aria-required=\"true\" aria-invalid=\"false\" placeholder=\"Seu e-mail completo\" \/><\/span><\/div>\n<\/li>\n<li>\n<div class=\"uk-panel\">\n<p> Telefone:<br \/><span class=\"wpcf7-form-control-wrap tel-34800k\"><input type=\"tel\" name=\"tel-34800k\" value=\"\" size=\"40\" class=\"wpcf7-form-control wpcf7-text wpcf7-tel wpcf7-validates-as-required wpcf7-validates-as-tel uk-width-1-1\" aria-required=\"true\" aria-invalid=\"false\" placeholder=\"Digite o seu telefone com o c\u00f3digo de \u00e1rea\" \/><\/span><\/div>\n<\/li>\n<\/ul>\n<ul class=\"uk-grid uk-grid-large-1-1 uk-grid-width-large-1-2\" data-uk-grid-margin=\"\">\n<li>\n<div class=\"uk-panel\">\n<p> Empresa:<br \/><span class=\"wpcf7-form-control-wrap text-666\"><input type=\"text\" name=\"text-666\" value=\"\" size=\"40\" class=\"wpcf7-form-control wpcf7-text wpcf7-validates-as-required uk-width-1-1\" aria-required=\"true\" aria-invalid=\"false\" placeholder=\"Nome da sua empresa\" \/><\/span><\/div>\n<\/li>\n<li>\n<div class=\"uk-panel\">\n<p> Produto de interesse:<br \/><span class=\"wpcf7-form-control-wrap menu-609\"><select name=\"menu-609\" class=\"wpcf7-form-control wpcf7-select wpcf7-validates-as-required uk-width-1-1\" aria-required=\"true\" aria-invalid=\"false\"><option value=\"Selecione o produto sobre qual deseja informa\u00e7\u00f5es\">Selecione o produto sobre qual deseja informa\u00e7\u00f5es<\/option><option value=\"EBI Connection Center\">EBI Connection Center<\/option><option value=\"EBI API Connector\">EBI API Connector<\/option><option value=\"EBI EDI Gateway\">EBI EDI Gateway<\/option><\/select><\/span><\/div>\n<\/li>\n<\/ul>\n<p> Sua mensagem:<br \/>\n    <span class=\"wpcf7-form-control-wrap your-message\"><textarea name=\"your-message\" cols=\"1\" rows=\"3\" class=\"wpcf7-form-control wpcf7-textarea wpcf7-validates-as-required uk-width-1-1\" aria-required=\"true\" aria-invalid=\"false\" placeholder=\"Digite aqui sua mensagem\"><\/textarea><\/span> <\/p>\n<div class=\"g-recaptcha\" data-sitekey=\"6LeQDFAqAAAAAJghW-5HySsNuV7_15hDj2y4ArN6\" data-action=\"LOGIN\"><\/div>\n<p>      <br\/><\/p>\n<p><input type=\"submit\" value=\"Enviar mensagem\" class=\"wpcf7-form-control wpcf7-submit uk-button uk-button-primary uk-width-1-1 uk-button-large\" \/><\/p>\n<div class=\"wpcf7-response-output wpcf7-display-none\"><\/div><\/form><\/div><\/div>\n","protected":false},"excerpt":{"rendered":"<p>\u00a0Estamos a sua disposi\u00e7\u00e3o para receber seu contato. Vamos conversar a respeito de Suporte T\u00e9cnico, Projetos bem como \u00c1rea Comercial. A EBInterchange vem atuando h\u00e1 mais de 20 anos na \u00e1rea de integra\u00e7\u00e3o de sistemas, e dessa forma realizando projetos junto a grandes empresas no Brasil bem como na Am\u00e9rica Latina. Desenvolvemos projetos para diversos [&hellip;]<\/p>\n","protected":false},"author":2,"featured_media":2407,"parent":0,"menu_order":0,"comment_status":"closed","ping_status":"open","template":"","meta":{"footnotes":""},"class_list":["post-953","page","type-page","status-publish","has-post-thumbnail","hentry"],"yoast_head":"<!-- This site is optimized with the Yoast SEO plugin v22.5 - https:\/\/yoast.com\/wordpress\/plugins\/seo\/ -->\n<title>Contato EBI EBInterchange | Integra\u00e7\u00e3o de Sistemas | ERP | B2B | B2C<\/title>\n<meta name=\"description\" content=\"Entre em contato com nossa \u00e1rea Comercial e veja como podemos ajudar a potencializar sua empresa automatizando seus processos de neg\u00f3cio. Fale conosco!\" \/>\n<meta name=\"robots\" content=\"index, follow, max-snippet:-1, max-image-preview:large, max-video-preview:-1\" \/>\n<link rel=\"canonical\" href=\"https:\/\/ebinterchange.com.br\/index.php\/contato\/\" \/>\n<meta property=\"og:locale\" content=\"pt_BR\" \/>\n<meta property=\"og:type\" content=\"article\" \/>\n<meta property=\"og:title\" content=\"Contato EBI EBInterchange | Integra\u00e7\u00e3o de Sistemas | ERP | B2B | B2C\" \/>\n<meta property=\"og:description\" content=\"Entre em contato com nossa \u00e1rea Comercial e veja como podemos ajudar a potencializar sua empresa automatizando seus processos de neg\u00f3cio. Fale conosco!\" \/>\n<meta property=\"og:url\" content=\"https:\/\/ebinterchange.com.br\/index.php\/contato\/\" \/>\n<meta property=\"og:site_name\" content=\"EBI | EBInterchange\" \/>\n<meta property=\"article:publisher\" content=\"https:\/\/www.facebook.com\/ebinterchangebrasil\" \/>\n<meta property=\"article:modified_time\" content=\"2024-07-08T11:58:10+00:00\" \/>\n<meta property=\"og:image\" content=\"https:\/\/ebinterchange.com.br\/wp-content\/uploads\/EBInterchange-Integracao-de-Sistemas-contato.jpg\" \/>\n\t<meta property=\"og:image:width\" content=\"1230\" \/>\n\t<meta property=\"og:image:height\" content=\"209\" \/>\n\t<meta property=\"og:image:type\" content=\"image\/jpeg\" \/>\n<meta name=\"twitter:card\" content=\"summary_large_image\" \/>\n<meta name=\"twitter:label1\" content=\"Est. tempo de leitura\" \/>\n\t<meta name=\"twitter:data1\" content=\"2 minutos\" \/>\n<script type=\"application\/ld+json\" class=\"yoast-schema-graph\">{\"@context\":\"https:\/\/schema.org\",\"@graph\":[{\"@type\":\"WebPage\",\"@id\":\"https:\/\/ebinterchange.com.br\/index.php\/contato\/\",\"url\":\"https:\/\/ebinterchange.com.br\/index.php\/contato\/\",\"name\":\"Contato EBI EBInterchange | Integra\u00e7\u00e3o de Sistemas | ERP | B2B | B2C\",\"isPartOf\":{\"@id\":\"https:\/\/ebinterchange.com.br\/#website\"},\"primaryImageOfPage\":{\"@id\":\"https:\/\/ebinterchange.com.br\/index.php\/contato\/#primaryimage\"},\"image\":{\"@id\":\"https:\/\/ebinterchange.com.br\/index.php\/contato\/#primaryimage\"},\"thumbnailUrl\":\"https:\/\/ebinterchange.com.br\/wp-content\/uploads\/EBInterchange-Integracao-de-Sistemas-contato.jpg\",\"datePublished\":\"2015-08-04T15:45:20+00:00\",\"dateModified\":\"2024-07-08T11:58:10+00:00\",\"description\":\"Entre em contato com nossa \u00e1rea Comercial e veja como podemos ajudar a potencializar sua empresa automatizando seus processos de neg\u00f3cio. Fale conosco!\",\"breadcrumb\":{\"@id\":\"https:\/\/ebinterchange.com.br\/index.php\/contato\/#breadcrumb\"},\"inLanguage\":\"pt-BR\",\"potentialAction\":[{\"@type\":\"ReadAction\",\"target\":[\"https:\/\/ebinterchange.com.br\/index.php\/contato\/\"]}]},{\"@type\":\"ImageObject\",\"inLanguage\":\"pt-BR\",\"@id\":\"https:\/\/ebinterchange.com.br\/index.php\/contato\/#primaryimage\",\"url\":\"https:\/\/ebinterchange.com.br\/wp-content\/uploads\/EBInterchange-Integracao-de-Sistemas-contato.jpg\",\"contentUrl\":\"https:\/\/ebinterchange.com.br\/wp-content\/uploads\/EBInterchange-Integracao-de-Sistemas-contato.jpg\",\"width\":1230,\"height\":209,\"caption\":\"EBInterchange Integracao de Sistemas contato\"},{\"@type\":\"BreadcrumbList\",\"@id\":\"https:\/\/ebinterchange.com.br\/index.php\/contato\/#breadcrumb\",\"itemListElement\":[{\"@type\":\"ListItem\",\"position\":1,\"name\":\"In\u00edcio\",\"item\":\"https:\/\/ebinterchange.com.br\/\"},{\"@type\":\"ListItem\",\"position\":2,\"name\":\"Contato\"}]},{\"@type\":\"WebSite\",\"@id\":\"https:\/\/ebinterchange.com.br\/#website\",\"url\":\"https:\/\/ebinterchange.com.br\/\",\"name\":\"EBI | EBInterchange\",\"description\":\"EBI | Integra\u00e7\u00e3o de Sistemas | ERP | E-commerce | B2B | B2C\",\"publisher\":{\"@id\":\"https:\/\/ebinterchange.com.br\/#organization\"},\"potentialAction\":[{\"@type\":\"SearchAction\",\"target\":{\"@type\":\"EntryPoint\",\"urlTemplate\":\"https:\/\/ebinterchange.com.br\/?s={search_term_string}\"},\"query-input\":\"required name=search_term_string\"}],\"inLanguage\":\"pt-BR\"},{\"@type\":\"Organization\",\"@id\":\"https:\/\/ebinterchange.com.br\/#organization\",\"name\":\"EBI EBinterchange\",\"url\":\"https:\/\/ebinterchange.com.br\/\",\"logo\":{\"@type\":\"ImageObject\",\"inLanguage\":\"pt-BR\",\"@id\":\"https:\/\/ebinterchange.com.br\/#\/schema\/logo\/image\/\",\"url\":\"https:\/\/ebinterchange.com.br\/wp-content\/uploads\/logo-EBI-EBInterchange-assinatura6.jpg\",\"contentUrl\":\"https:\/\/ebinterchange.com.br\/wp-content\/uploads\/logo-EBI-EBInterchange-assinatura6.jpg\",\"width\":286,\"height\":173,\"caption\":\"EBI EBinterchange\"},\"image\":{\"@id\":\"https:\/\/ebinterchange.com.br\/#\/schema\/logo\/image\/\"},\"sameAs\":[\"https:\/\/www.facebook.com\/ebinterchangebrasil\",\"https:\/\/pt.linkedin.com\/company\/ebinterchange\"]}]}<\/script>\n<!-- \/ Yoast SEO plugin. -->","yoast_head_json":{"title":"Contato EBI EBInterchange | Integra\u00e7\u00e3o de Sistemas | ERP | B2B | B2C","description":"Entre em contato com nossa \u00e1rea Comercial e veja como podemos ajudar a potencializar sua empresa automatizando seus processos de neg\u00f3cio. Fale conosco!","robots":{"index":"index","follow":"follow","max-snippet":"max-snippet:-1","max-image-preview":"max-image-preview:large","max-video-preview":"max-video-preview:-1"},"canonical":"https:\/\/ebinterchange.com.br\/index.php\/contato\/","og_locale":"pt_BR","og_type":"article","og_title":"Contato EBI EBInterchange | Integra\u00e7\u00e3o de Sistemas | ERP | B2B | B2C","og_description":"Entre em contato com nossa \u00e1rea Comercial e veja como podemos ajudar a potencializar sua empresa automatizando seus processos de neg\u00f3cio. Fale conosco!","og_url":"https:\/\/ebinterchange.com.br\/index.php\/contato\/","og_site_name":"EBI | EBInterchange","article_publisher":"https:\/\/www.facebook.com\/ebinterchangebrasil","article_modified_time":"2024-07-08T11:58:10+00:00","og_image":[{"width":1230,"height":209,"url":"https:\/\/ebinterchange.com.br\/wp-content\/uploads\/EBInterchange-Integracao-de-Sistemas-contato.jpg","type":"image\/jpeg"}],"twitter_card":"summary_large_image","twitter_misc":{"Est. tempo de leitura":"2 minutos"},"schema":{"@context":"https:\/\/schema.org","@graph":[{"@type":"WebPage","@id":"https:\/\/ebinterchange.com.br\/index.php\/contato\/","url":"https:\/\/ebinterchange.com.br\/index.php\/contato\/","name":"Contato EBI EBInterchange | Integra\u00e7\u00e3o de Sistemas | ERP | B2B | B2C","isPartOf":{"@id":"https:\/\/ebinterchange.com.br\/#website"},"primaryImageOfPage":{"@id":"https:\/\/ebinterchange.com.br\/index.php\/contato\/#primaryimage"},"image":{"@id":"https:\/\/ebinterchange.com.br\/index.php\/contato\/#primaryimage"},"thumbnailUrl":"https:\/\/ebinterchange.com.br\/wp-content\/uploads\/EBInterchange-Integracao-de-Sistemas-contato.jpg","datePublished":"2015-08-04T15:45:20+00:00","dateModified":"2024-07-08T11:58:10+00:00","description":"Entre em contato com nossa \u00e1rea Comercial e veja como podemos ajudar a potencializar sua empresa automatizando seus processos de neg\u00f3cio. Fale conosco!","breadcrumb":{"@id":"https:\/\/ebinterchange.com.br\/index.php\/contato\/#breadcrumb"},"inLanguage":"pt-BR","potentialAction":[{"@type":"ReadAction","target":["https:\/\/ebinterchange.com.br\/index.php\/contato\/"]}]},{"@type":"ImageObject","inLanguage":"pt-BR","@id":"https:\/\/ebinterchange.com.br\/index.php\/contato\/#primaryimage","url":"https:\/\/ebinterchange.com.br\/wp-content\/uploads\/EBInterchange-Integracao-de-Sistemas-contato.jpg","contentUrl":"https:\/\/ebinterchange.com.br\/wp-content\/uploads\/EBInterchange-Integracao-de-Sistemas-contato.jpg","width":1230,"height":209,"caption":"EBInterchange Integracao de Sistemas contato"},{"@type":"BreadcrumbList","@id":"https:\/\/ebinterchange.com.br\/index.php\/contato\/#breadcrumb","itemListElement":[{"@type":"ListItem","position":1,"name":"In\u00edcio","item":"https:\/\/ebinterchange.com.br\/"},{"@type":"ListItem","position":2,"name":"Contato"}]},{"@type":"WebSite","@id":"https:\/\/ebinterchange.com.br\/#website","url":"https:\/\/ebinterchange.com.br\/","name":"EBI | EBInterchange","description":"EBI | Integra\u00e7\u00e3o de Sistemas | ERP | E-commerce | B2B | B2C","publisher":{"@id":"https:\/\/ebinterchange.com.br\/#organization"},"potentialAction":[{"@type":"SearchAction","target":{"@type":"EntryPoint","urlTemplate":"https:\/\/ebinterchange.com.br\/?s={search_term_string}"},"query-input":"required name=search_term_string"}],"inLanguage":"pt-BR"},{"@type":"Organization","@id":"https:\/\/ebinterchange.com.br\/#organization","name":"EBI EBinterchange","url":"https:\/\/ebinterchange.com.br\/","logo":{"@type":"ImageObject","inLanguage":"pt-BR","@id":"https:\/\/ebinterchange.com.br\/#\/schema\/logo\/image\/","url":"https:\/\/ebinterchange.com.br\/wp-content\/uploads\/logo-EBI-EBInterchange-assinatura6.jpg","contentUrl":"https:\/\/ebinterchange.com.br\/wp-content\/uploads\/logo-EBI-EBInterchange-assinatura6.jpg","width":286,"height":173,"caption":"EBI EBinterchange"},"image":{"@id":"https:\/\/ebinterchange.com.br\/#\/schema\/logo\/image\/"},"sameAs":["https:\/\/www.facebook.com\/ebinterchangebrasil","https:\/\/pt.linkedin.com\/company\/ebinterchange"]}]}},"_links":{"self":[{"href":"https:\/\/ebinterchange.com.br\/index.php\/wp-json\/wp\/v2\/pages\/953","targetHints":{"allow":["GET"]}}],"collection":[{"href":"https:\/\/ebinterchange.com.br\/index.php\/wp-json\/wp\/v2\/pages"}],"about":[{"href":"https:\/\/ebinterchange.com.br\/index.php\/wp-json\/wp\/v2\/types\/page"}],"author":[{"embeddable":true,"href":"https:\/\/ebinterchange.com.br\/index.php\/wp-json\/wp\/v2\/users\/2"}],"replies":[{"embeddable":true,"href":"https:\/\/ebinterchange.com.br\/index.php\/wp-json\/wp\/v2\/comments?post=953"}],"version-history":[{"count":32,"href":"https:\/\/ebinterchange.com.br\/index.php\/wp-json\/wp\/v2\/pages\/953\/revisions"}],"predecessor-version":[{"id":4379,"href":"https:\/\/ebinterchange.com.br\/index.php\/wp-json\/wp\/v2\/pages\/953\/revisions\/4379"}],"wp:featuredmedia":[{"embeddable":true,"href":"https:\/\/ebinterchange.com.br\/index.php\/wp-json\/wp\/v2\/media\/2407"}],"wp:attachment":[{"href":"https:\/\/ebinterchange.com.br\/index.php\/wp-json\/wp\/v2\/media?parent=953"}],"curies":[{"name":"wp","href":"https:\/\/api.w.org\/{rel}","templated":true}]}}